{"id":7731,"date":"2024-10-17T21:03:50","date_gmt":"2024-10-17T19:03:50","guid":{"rendered":"https:\/\/trickshot.ro\/?page_id=7731"},"modified":"2024-10-18T12:13:59","modified_gmt":"2024-10-18T10:13:59","slug":"reviewers-chestionar-feedback","status":"publish","type":"page","link":"https:\/\/trickshot.ro\/en\/reviewers-chestionar-feedback\/","title":{"rendered":"Reviewers Chestionar Feedback"},"content":{"rendered":"<div class=\"wpb-content-wrapper\"><div data-vc-full-width=\"true\" data-vc-full-width-init=\"false\" class=\"vc_row wpb_row vc_row-fluid\"><div class=\"wpb_column vc_column_container vc_col-sm-12\"><div class=\"vc_column-inner\"><div class=\"wpb_wrapper\"><div class=\"vc_empty_space\"   style=\"height: 32px\"><span class=\"vc_empty_space_inner\"><\/span><\/div><\/div><\/div><\/div><\/div><div class=\"vc_row-full-width vc_clearfix\"><\/div><div data-vc-full-width=\"true\" data-vc-full-width-init=\"false\" class=\"vc_row wpb_row vc_row-fluid\"><div class=\"wpb_column vc_column_container vc_col-sm-12\"><div class=\"vc_column-inner\"><div class=\"wpb_wrapper\"><div class=\"vc_empty_space\"   style=\"height: 43px\"><span class=\"vc_empty_space_inner\"><\/span><\/div>\n\t<div class=\"wpb_text_column wpb_content_element\" >\n\t\t<div class=\"wpb_wrapper\">\n\t\t\t<h1 class=\"titlu_bold\" style=\"text-align: center;\"><strong>Guest Reviewers<\/strong><\/h1>\n<h2 class=\"titlu_light70\" style=\"text-align: center;\">Chestionar Feedback<\/h2>\n\n\t\t<\/div>\n\t<\/div>\n<div class=\"vc_separator wpb_content_element vc_separator_align_center vc_sep_width_20 vc_sep_border_width_3 vc_sep_pos_align_center vc_separator_no_text vc_sep_color_black vc_custom_1665229883738 wpb_content_element  vc_custom_1665229883738 wpb_content_element\" ><span class=\"vc_sep_holder vc_sep_holder_l\"><span class=\"vc_sep_line\"><\/span><\/span><span class=\"vc_sep_holder vc_sep_holder_r\"><span class=\"vc_sep_line\"><\/span><\/span>\n<\/div><\/div><\/div><\/div><\/div><div class=\"vc_row-full-width vc_clearfix\"><\/div><div id=\"contact_form\" class=\"vc_row wpb_row vc_row-fluid\"><div class=\"wpb_column vc_column_container vc_col-sm-12\"><div class=\"vc_column-inner\"><div class=\"wpb_wrapper\">\n<div class=\"wpcf7 no-js\" id=\"wpcf7-f7730-o1\" lang=\"en-GB\" dir=\"ltr\" data-wpcf7-id=\"7730\">\n<div class=\"screen-reader-response\"><p role=\"status\" aria-live=\"polite\" aria-atomic=\"true\"><\/p> <ul><\/ul><\/div>\n<form action=\"\/en\/wp-json\/wp\/v2\/pages\/7731#wpcf7-f7730-o1\" method=\"post\" class=\"wpcf7-form init cf7mls-no-scroll cf7mls-auto-return-first-step cf7mls-no-moving-animation\" aria-label=\"Contact form\" novalidate=\"novalidate\" data-status=\"init\" data-trp-original-action=\"\/en\/wp-json\/wp\/v2\/pages\/7731#wpcf7-f7730-o1\">\n<fieldset class=\"hidden-fields-container\"><input type=\"hidden\" name=\"_wpcf7\" value=\"7730\" \/><input type=\"hidden\" name=\"_wpcf7_version\" value=\"6.1.1\" \/><input type=\"hidden\" name=\"_wpcf7_locale\" value=\"en_GB\" \/><input type=\"hidden\" name=\"_wpcf7_unit_tag\" value=\"wpcf7-f7730-o1\" \/><input type=\"hidden\" name=\"_wpcf7_container_post\" value=\"0\" \/><input type=\"hidden\" name=\"_wpcf7_posted_data_hash\" value=\"\" \/><input type=\"hidden\" name=\"_wpcf7_recaptcha_response\" value=\"\" \/>\n<\/fieldset>\n<div class=\"intrebari_chestionar\">\n\t<p><label> Nume <span class=\"wpcf7-form-control-wrap\" data-name=\"text-52\"><input size=\"40\" maxlength=\"400\" class=\"wpcf7-form-control wpcf7-text wpcf7-validates-as-required\" aria-required=\"true\" aria-invalid=\"false\" value=\"\" type=\"text\" name=\"text-52\" \/><\/span><\/label><br \/>\n<label> Email <span class=\"wpcf7-form-control-wrap\" data-name=\"email-634\"><input size=\"40\" maxlength=\"400\" class=\"wpcf7-form-control wpcf7-email wpcf7-validates-as-required wpcf7-text wpcf7-validates-as-email\" aria-required=\"true\" aria-invalid=\"false\" value=\"\" type=\"email\" name=\"email-634\" \/><\/span><\/label>\n\t<\/p>\n\t<p><label> In ce loca\u021bie te afli?<br \/>\n<span class=\"wpcf7-form-control-wrap\" data-name=\"menu-1783\"><select class=\"wpcf7-form-control wpcf7-select wpcf7-validates-as-required\" aria-required=\"true\" aria-invalid=\"false\" name=\"menu-1783\"><option value=\"\">&#8212;Please choose an option&#8212;<\/option><option value=\"TRICKSHOT Afi Cotroceni\">TRICKSHOT Afi Cotroceni<\/option><option value=\"TRICKSHOT Afi Bra\u0219ov\">TRICKSHOT Afi Bra\u0219ov<\/option><\/select><\/span> <\/label>\n\t<\/p>\n\t<p>1. Ai fost \u00eent\u00e2mpinat de hostess sau osp\u0103tar \u0219i condus p\u00e2n\u0103 la mas\u0103?*:\n\t<\/p>\n\t<p><span class=\"wpcf7-form-control-wrap\" data-name=\"radio-696\"><span class=\"wpcf7-form-control wpcf7-radio\"><span class=\"wpcf7-list-item first\"><label><input type=\"radio\" name=\"radio-696\" value=\"Da\" checked=\"checked\" \/><span class=\"wpcf7-list-item-label\">Da<\/span><\/label><\/span><span class=\"wpcf7-list-item last\"><label><input type=\"radio\" name=\"radio-696\" value=\"Nu\" \/><span class=\"wpcf7-list-item-label\">Nu<\/span><\/label><\/span><\/span><\/span><br \/>\n2. Osp\u0103tarul care te-a servit a z\u00e2mbit?*:\n\t<\/p>\n\t<p><span class=\"wpcf7-form-control-wrap\" data-name=\"radio-695\"><span class=\"wpcf7-form-control wpcf7-radio\"><span class=\"wpcf7-list-item first\"><label><input type=\"radio\" name=\"radio-695\" value=\"Da\" checked=\"checked\" \/><span class=\"wpcf7-list-item-label\">Da<\/span><\/label><\/span><span class=\"wpcf7-list-item last\"><label><input type=\"radio\" name=\"radio-695\" value=\"Nu\" \/><span class=\"wpcf7-list-item-label\">Nu<\/span><\/label><\/span><\/span><\/span><br \/>\n3. Cum evaluezi aspectul vizual al preparatelor?*\n\t<\/p>\n\t<div target_pos=\"star_rating-711\" class=\"star_rating_class\" score=\"\"><\/div><span  class=\"wpcf7-form-control-wrap star_rating-711\" data-name=\"star_rating-711\"><input type=\"hidden\" name=\"star_rating-711\" class=\"custom_radio_class star_rating-711\" value=\"\"\/><\/span><br \/>\n4. C\u00e2t de mul\u021bumit ai fost de b\u0103utura\/b\u0103uturile pe care le-ai servit?*\n\t<\/p>\n\t<div target_pos=\"star_rating-712\" class=\"star_rating_class\" score=\"\"><\/div><span  class=\"wpcf7-form-control-wrap star_rating-712\" data-name=\"star_rating-712\"><input type=\"hidden\" name=\"star_rating-712\" class=\"custom_radio_class star_rating-712\" value=\"\"\/><\/span><br \/>\n5. Cum evaluezi cantitatea por\u021biilor?*\n\t<\/p>\n\t<div target_pos=\"star_rating-713\" class=\"star_rating_class\" score=\"\"><\/div><span  class=\"wpcf7-form-control-wrap star_rating-713\" data-name=\"star_rating-713\"><input type=\"hidden\" name=\"star_rating-713\" class=\"custom_radio_class star_rating-713\" value=\"\"\/><\/span><br \/>\n6. C\u00e2t de gustoase au fost preparatele pe care le-ai servit?*\n\t<\/p>\n\t<div target_pos=\"star_rating-714\" class=\"star_rating_class\" score=\"\"><\/div><span  class=\"wpcf7-form-control-wrap star_rating-714\" data-name=\"star_rating-714\"><input type=\"hidden\" name=\"star_rating-714\" class=\"custom_radio_class star_rating-714\" value=\"\"\/><\/span><br \/>\n7. Cum evaluezi timpul de servire?*\n\t<\/p>\n\t<div target_pos=\"star_rating-715\" class=\"star_rating_class\" score=\"\"><\/div><span  class=\"wpcf7-form-control-wrap star_rating-715\" data-name=\"star_rating-715\"><input type=\"hidden\" name=\"star_rating-715\" class=\"custom_radio_class star_rating-715\" value=\"\"\/><\/span>\n\t<\/p>\n\t<p><label> Dac\u01ce ai sugestii sau recomand\u00e3ri te rug\u00e3m s\u00e3 le notezi\u00a0aici <span class=\"wpcf7-form-control-wrap\" data-name=\"textarea-935\"><textarea cols=\"60\" rows=\"5\" maxlength=\"2000\" class=\"wpcf7-form-control wpcf7-textarea\" aria-invalid=\"false\" name=\"textarea-935\"><\/textarea><\/span><\/label><br \/>\n\t<span class=\"wpcf7-form-control-wrap recaptcha\" data-name=\"recaptcha\"><span data-sitekey=\"6Lee-XYpAAAAAFMIeDQcC729j3cvXTxQy0IDokpK\" class=\"wpcf7-form-control wpcf7-recaptcha g-recaptcha\"><\/span>\r\n<noscript>\r\n\t<div class=\"grecaptcha-noscript\">\r\n\t\t<iframe loading=\"lazy\" src=\"https:\/\/www.google.com\/recaptcha\/api\/fallback?k=6Lee-XYpAAAAAFMIeDQcC729j3cvXTxQy0IDokpK\" frameborder=\"0\" scrolling=\"no\" width=\"310\" height=\"430\">\r\n\t\t<\/iframe>\r\n\t\t<textarea name=\"g-recaptcha-response\" rows=\"3\" cols=\"40\" placeholder=\"reCaptcha Response Here\">\r\n\t\t<\/textarea>\r\n\t<\/div>\r\n<\/noscript>\r\n<\/span><br \/>\n<span class=\"wpcf7-form-control-wrap\" data-name=\"Acord-GDPR-Comenzi\"><span class=\"wpcf7-form-control wpcf7-acceptance\"><span class=\"wpcf7-list-item\"><label><input type=\"checkbox\" name=\"Acord-GDPR-Comenzi\" value=\"1\" aria-invalid=\"false\" \/><span class=\"wpcf7-list-item-label\">I have read the privacy policy and I agree and accept its <a href=\"https:\/\/trickshot.ro\/en\/politica-de-confidentialitate\/\" class=\"GDPR1\" target=\"_blank\">Terms and Conditions<\/a> .<\/span><\/label><\/span><\/span><\/span><br \/>\n<input class=\"wpcf7-form-control wpcf7-submit has-spinner\" type=\"submit\" value=\"Send\" \/>\n\t<\/p>\n<\/div><p style=\"display: none !important;\" class=\"akismet-fields-container\" data-prefix=\"_wpcf7_ak_\"><label>&#916;<textarea name=\"_wpcf7_ak_hp_textarea\" cols=\"45\" rows=\"8\" maxlength=\"100\"><\/textarea><\/label><input type=\"hidden\" id=\"ak_js_1\" name=\"_wpcf7_ak_js\" value=\"169\"\/><script>document.getElementById( \"ak_js_1\" ).setAttribute( \"value\", ( new Date() ).getTime() );<\/script><\/p><div class=\"wpcf7-response-output\" aria-hidden=\"true\"><\/div>\n<input type=\"hidden\" name=\"trp-form-language\" value=\"en\"\/><\/form>\n<\/div>\n<div class=\"vc_empty_space  mob-hidden\"   style=\"height: 53px\"><span class=\"vc_empty_space_inner\"><\/span><\/div><\/div><\/div><\/div><\/div>\n<\/div>","protected":false},"excerpt":{"rendered":"Guest Reviewers Chestionar Feedback Nume Email In ce loca\u021bie te afli? &#8212;Please choose an option&#8212;TRICKSHOT Afi CotroceniTRICKSHOT Afi Bra\u0219ov 1. Ai fost \u00eent\u00e2mpinat de hostess sau osp\u0103tar \u0219i condus p\u00e2n\u0103 la mas\u0103?*: DaNu 2. Osp\u0103tarul care te-a servit a z\u00e2mbit?*: DaNu 3. Cum evaluezi aspectul vizual al preparatelor?* 4. C\u00e2t [...]","protected":false},"author":2,"featured_media":0,"parent":0,"menu_order":0,"comment_status":"closed","ping_status":"closed","template":"page-templates\/template-fullwidth.php","meta":{"footnotes":""},"class_list":["post-7731","page","type-page","status-publish","hentry"],"_links":{"self":[{"href":"https:\/\/trickshot.ro\/en\/wp-json\/wp\/v2\/pages\/7731","targetHints":{"allow":["GET"]}}],"collection":[{"href":"https:\/\/trickshot.ro\/en\/wp-json\/wp\/v2\/pages"}],"about":[{"href":"https:\/\/trickshot.ro\/en\/wp-json\/wp\/v2\/types\/page"}],"author":[{"embeddable":true,"href":"https:\/\/trickshot.ro\/en\/wp-json\/wp\/v2\/users\/2"}],"replies":[{"embeddable":true,"href":"https:\/\/trickshot.ro\/en\/wp-json\/wp\/v2\/comments?post=7731"}],"version-history":[{"count":0,"href":"https:\/\/trickshot.ro\/en\/wp-json\/wp\/v2\/pages\/7731\/revisions"}],"wp:attachment":[{"href":"https:\/\/trickshot.ro\/en\/wp-json\/wp\/v2\/media?parent=7731"}],"curies":[{"name":"wp","href":"https:\/\/api.w.org\/{rel}","templated":true}]}}