{"id":7520,"date":"2024-09-30T21:24:35","date_gmt":"2024-09-30T19:24:35","guid":{"rendered":"https:\/\/trickshot.ro\/?page_id=7520"},"modified":"2024-10-04T12:06:22","modified_gmt":"2024-10-04T10:06:22","slug":"recenzii-locatii","status":"publish","type":"page","link":"https:\/\/trickshot.ro\/en\/recenzii-locatii\/","title":{"rendered":"Recenzii locatii"},"content":{"rendered":"<div class=\"wpb-content-wrapper\"><div data-vc-full-width=\"true\" data-vc-full-width-init=\"false\" class=\"vc_row wpb_row vc_row-fluid\"><div class=\"wpb_column vc_column_container vc_col-sm-12\"><div class=\"vc_column-inner\"><div class=\"wpb_wrapper\"><div class=\"vc_empty_space\"   style=\"height: 32px\"><span class=\"vc_empty_space_inner\"><\/span><\/div><\/div><\/div><\/div><\/div><div class=\"vc_row-full-width vc_clearfix\"><\/div><div data-vc-full-width=\"true\" data-vc-full-width-init=\"false\" class=\"vc_row wpb_row vc_row-fluid\"><div class=\"wpb_column vc_column_container vc_col-sm-12\"><div class=\"vc_column-inner\"><div class=\"wpb_wrapper\"><div class=\"vc_empty_space\"   style=\"height: 43px\"><span class=\"vc_empty_space_inner\"><\/span><\/div>\n\t<div class=\"wpb_text_column wpb_content_element\" >\n\t\t<div class=\"wpb_wrapper\">\n\t\t\t<h2 class=\"titlu_bold\" style=\"text-align: center;\"><strong>Recenzii loca\u021bii<\/strong><\/h2>\n\n\t\t<\/div>\n\t<\/div>\n<div class=\"vc_separator wpb_content_element vc_separator_align_center vc_sep_width_20 vc_sep_border_width_3 vc_sep_pos_align_center vc_separator_no_text vc_sep_color_black vc_custom_1665229883738 wpb_content_element  vc_custom_1665229883738 wpb_content_element\" ><span class=\"vc_sep_holder vc_sep_holder_l\"><span class=\"vc_sep_line\"><\/span><\/span><span class=\"vc_sep_holder vc_sep_holder_r\"><span class=\"vc_sep_line\"><\/span><\/span>\n<\/div><\/div><\/div><\/div><\/div><div class=\"vc_row-full-width vc_clearfix\"><\/div><div id=\"contact_form\" class=\"vc_row wpb_row vc_row-fluid\"><div class=\"wpb_column vc_column_container vc_col-sm-12\"><div class=\"vc_column-inner\"><div class=\"wpb_wrapper\">\n<div class=\"wpcf7 no-js\" id=\"wpcf7-f7522-o1\" lang=\"en-US\" dir=\"ltr\" data-wpcf7-id=\"7522\">\n<div class=\"screen-reader-response\"><p role=\"status\" aria-live=\"polite\" aria-atomic=\"true\"><\/p> <ul><\/ul><\/div>\n<form action=\"\/en\/wp-json\/wp\/v2\/pages\/7520#wpcf7-f7522-o1\" method=\"post\" class=\"wpcf7-form init cf7mls-no-scroll cf7mls-auto-return-first-step cf7mls-no-moving-animation\" aria-label=\"Contact form\" enctype=\"multipart\/form-data\" novalidate=\"novalidate\" data-status=\"init\" data-trp-original-action=\"\/en\/wp-json\/wp\/v2\/pages\/7520#wpcf7-f7522-o1\">\n<fieldset class=\"hidden-fields-container\"><input type=\"hidden\" name=\"_wpcf7\" value=\"7522\" \/><input type=\"hidden\" name=\"_wpcf7_version\" value=\"6.1.1\" \/><input type=\"hidden\" name=\"_wpcf7_locale\" value=\"en_US\" \/><input type=\"hidden\" name=\"_wpcf7_unit_tag\" value=\"wpcf7-f7522-o1\" \/><input type=\"hidden\" name=\"_wpcf7_container_post\" value=\"0\" \/><input type=\"hidden\" name=\"_wpcf7_posted_data_hash\" value=\"\" \/><input type=\"hidden\" name=\"_wpcf7_recaptcha_response\" value=\"\" \/>\n<\/fieldset>\n<div class=\"intrebari_chestionar\">\n\t<p>INFORMA\u021aII RECENZIE:\n\t<\/p>\n\t<p>1. Loca\u021bia \u00een care am primit recenzia?*\n\t<\/p>\n\t<p><span class=\"wpcf7-form-control-wrap\" data-name=\"radio-266\"><span class=\"wpcf7-form-control wpcf7-radio\"><span class=\"wpcf7-list-item first\"><input type=\"radio\" name=\"radio-266\" value=\"Promenada\" checked=\"checked\" \/><span class=\"wpcf7-list-item-label\">Promenada<\/span><\/span><span class=\"wpcf7-list-item\"><input type=\"radio\" name=\"radio-266\" value=\"Mega Mall\" \/><span class=\"wpcf7-list-item-label\">Mega Mall<\/span><\/span><span class=\"wpcf7-list-item\"><input type=\"radio\" name=\"radio-266\" value=\"Afi Bra\u0219ov\" \/><span class=\"wpcf7-list-item-label\">Afi Bra\u0219ov<\/span><\/span><span class=\"wpcf7-list-item\"><input type=\"radio\" name=\"radio-266\" value=\"Afi Cotroceni\" \/><span class=\"wpcf7-list-item-label\">Afi Cotroceni<\/span><\/span><span class=\"wpcf7-list-item last\"><input type=\"radio\" name=\"radio-266\" value=\"AveForchetta\" \/><span class=\"wpcf7-list-item-label\">AveForchetta<\/span><\/span><\/span><\/span>\n\t<\/p>\n\t<p>2. Sursa recenziei *\n\t<\/p>\n\t<p><span class=\"wpcf7-form-control-wrap\" data-name=\"radio-267\"><span class=\"wpcf7-form-control wpcf7-radio\"><span class=\"wpcf7-list-item first\"><input type=\"radio\" name=\"radio-267\" value=\"Google\" checked=\"checked\" \/><span class=\"wpcf7-list-item-label\">Google<\/span><\/span><span class=\"wpcf7-list-item\"><input type=\"radio\" name=\"radio-267\" value=\"Tripadvisor\" \/><span class=\"wpcf7-list-item-label\">Tripadvisor<\/span><\/span><span class=\"wpcf7-list-item\"><input type=\"radio\" name=\"radio-267\" value=\"Aplica\u021bie\" \/><span class=\"wpcf7-list-item-label\">Aplica\u021bie<\/span><\/span><span class=\"wpcf7-list-item last\"><input type=\"radio\" name=\"radio-267\" value=\"Chestionar feedback\" \/><span class=\"wpcf7-list-item-label\">Chestionar feedback<\/span><\/span><\/span><\/span>\n\t<\/p>\n\t<p>3. Nota recenziei<br \/>\n<span class=\"wpcf7-form-control-wrap\" data-name=\"radio-258\"><span class=\"wpcf7-form-control wpcf7-radio\"><span class=\"wpcf7-list-item first\"><label><input type=\"radio\" name=\"radio-258\" value=\"1\" checked=\"checked\" \/><span class=\"wpcf7-list-item-label\">1<\/span><\/label><\/span><span class=\"wpcf7-list-item\"><label><input type=\"radio\" name=\"radio-258\" value=\"2\" \/><span class=\"wpcf7-list-item-label\">2<\/span><\/label><\/span><span class=\"wpcf7-list-item\"><label><input type=\"radio\" name=\"radio-258\" value=\"3\" \/><span class=\"wpcf7-list-item-label\">3<\/span><\/label><\/span><span class=\"wpcf7-list-item last\"><label><input type=\"radio\" name=\"radio-258\" value=\"4\" \/><span class=\"wpcf7-list-item-label\">4<\/span><\/label><\/span><\/span><\/span>\n\t<\/p>\n\t<p>4. Textul recenziei*<br \/>\n<span class=\"wpcf7-form-control-wrap\" data-name=\"textarea-662\"><textarea cols=\"10\" rows=\"2\" maxlength=\"2000\" class=\"wpcf7-form-control wpcf7-textarea wpcf7-validates-as-required\" aria-required=\"true\" aria-invalid=\"false\" name=\"textarea-662\"><\/textarea><\/span>\n\t<\/p>\n\t<p>5. Detalii despre gestionarea feedback-ului \u0219i recompensa oferit\u0103*<br \/>\n<span class=\"wpcf7-form-control-wrap\" data-name=\"textarea-660\"><textarea cols=\"10\" rows=\"2\" maxlength=\"2000\" class=\"wpcf7-form-control wpcf7-textarea wpcf7-validates-as-required\" aria-required=\"true\" aria-invalid=\"false\" name=\"textarea-660\"><\/textarea><\/span>\n\t<\/p>\n\t<p>6. Nume manager de tur\u0103*<br \/>\n<span class=\"wpcf7-form-control-wrap\" data-name=\"text-886\"><input size=\"40\" maxlength=\"400\" class=\"wpcf7-form-control wpcf7-text wpcf7-validates-as-required\" aria-required=\"true\" aria-invalid=\"false\" value=\"\" type=\"text\" name=\"text-886\" \/><\/span>\n\t<\/p>\n\t<p>7. Data recenziei*<br \/>\n<span class=\"wpcf7-form-control-wrap\" data-name=\"date-863\"><input class=\"wpcf7-form-control wpcf7-date wpcf7-validates-as-required wpcf7-validates-as-date\" aria-required=\"true\" aria-invalid=\"false\" value=\"D, d M y\" type=\"date\" name=\"date-863\" \/><\/span>\n\t<\/p>\n\t<p>8. Categorie de Servicii*<br \/>\n<span class=\"wpcf7-form-control-wrap\" data-name=\"radio-697\"><span class=\"wpcf7-form-control wpcf7-radio\"><span class=\"wpcf7-list-item first\"><input type=\"radio\" name=\"radio-697\" value=\"Food\" checked=\"checked\" \/><span class=\"wpcf7-list-item-label\">Food<\/span><\/span><span class=\"wpcf7-list-item\"><input type=\"radio\" name=\"radio-697\" value=\"Drinks\" \/><span class=\"wpcf7-list-item-label\">Drinks<\/span><\/span><span class=\"wpcf7-list-item\"><input type=\"radio\" name=\"radio-697\" value=\"Jocuri\/Tehnic\" \/><span class=\"wpcf7-list-item-label\">Jocuri\/Tehnic<\/span><\/span><span class=\"wpcf7-list-item\"><input type=\"radio\" name=\"radio-697\" value=\"Service\" \/><span class=\"wpcf7-list-item-label\">Service<\/span><\/span><span class=\"wpcf7-list-item last\"><input type=\"radio\" name=\"radio-697\" value=\"Overall\" \/><span class=\"wpcf7-list-item-label\">Overall<\/span><\/span><\/span><\/span>\n\t<\/p>\n\t<p>9. \u00cencarc\u0103 poz\u0103 recenzie* <span class=\"wpcf7-form-control-wrap\" data-name=\"file-640\"><input size=\"40\" class=\"wpcf7-form-control wpcf7-file wpcf7-validates-as-required\" accept=\".jpg,.png\" aria-required=\"true\" aria-invalid=\"false\" type=\"file\" name=\"file-640\" \/><\/span><br \/>\n10. \u00cencarc\u0103 mesajul transmis oaspetelui* <span class=\"wpcf7-form-control-wrap\" data-name=\"file-641\"><input size=\"40\" class=\"wpcf7-form-control wpcf7-file wpcf7-validates-as-required\" accept=\".jpg,.png\" aria-required=\"true\" aria-invalid=\"false\" type=\"file\" name=\"file-641\" \/><\/span>\n\t<\/p>\n\t<p><span class=\"wpcf7-form-control-wrap\" data-name=\"Acord-GDPR-Comenzi\"><span class=\"wpcf7-form-control wpcf7-acceptance\"><span class=\"wpcf7-list-item\"><label><input type=\"checkbox\" name=\"Acord-GDPR-Comenzi\" value=\"1\" aria-invalid=\"false\" \/><span class=\"wpcf7-list-item-label\">I have read the privacy policy and I agree and accept its <a href=\"https:\/\/trickshot.ro\/en\/politica-de-confidentialitate\/\" class=\"GDPR1\" target=\"_blank\">Terms and Conditions<\/a> .<\/span><\/label><\/span><\/span><\/span>\n\t<\/p>\n<span class=\"wpcf7-form-control-wrap recaptcha\" data-name=\"recaptcha\"><span data-sitekey=\"6Lee-XYpAAAAAFMIeDQcC729j3cvXTxQy0IDokpK\" data-align=\"center\" class=\"wpcf7-form-control wpcf7-recaptcha g-recaptcha\"><\/span>\r\n<noscript>\r\n\t<div class=\"grecaptcha-noscript\">\r\n\t\t<iframe loading=\"lazy\" src=\"https:\/\/www.google.com\/recaptcha\/api\/fallback?k=6Lee-XYpAAAAAFMIeDQcC729j3cvXTxQy0IDokpK\" frameborder=\"0\" scrolling=\"no\" width=\"310\" height=\"430\">\r\n\t\t<\/iframe>\r\n\t\t<textarea name=\"g-recaptcha-response\" rows=\"3\" cols=\"40\" placeholder=\"reCaptcha Response Here\">\r\n\t\t<\/textarea>\r\n\t<\/div>\r\n<\/noscript>\r\n<\/span>\n\t<p><input class=\"wpcf7-form-control wpcf7-submit has-spinner\" type=\"submit\" value=\"Send\" \/>\n\t<\/p>\n<\/div><p style=\"display: none !important;\" class=\"akismet-fields-container\" data-prefix=\"_wpcf7_ak_\"><label>&#916;<textarea name=\"_wpcf7_ak_hp_textarea\" cols=\"45\" rows=\"8\" maxlength=\"100\"><\/textarea><\/label><input type=\"hidden\" id=\"ak_js_1\" name=\"_wpcf7_ak_js\" value=\"185\"\/><script>document.getElementById( \"ak_js_1\" ).setAttribute( \"value\", ( new Date() ).getTime() );<\/script><\/p><div class=\"wpcf7-response-output\" aria-hidden=\"true\"><\/div>\n<input type=\"hidden\" name=\"trp-form-language\" value=\"en\"\/><\/form>\n<\/div>\n<div class=\"vc_empty_space  mob-hidden\"   style=\"height: 53px\"><span class=\"vc_empty_space_inner\"><\/span><\/div><\/div><\/div><\/div><\/div>\n<\/div>","protected":false},"excerpt":{"rendered":"Recenzii loca\u021bii INFORMA\u021aII RECENZIE: 1. Loca\u021bia \u00een care am primit recenzia?* PromenadaMega MallAfi Bra\u0219ovAfi CotroceniAveForchetta 2. Sursa recenziei * GoogleTripadvisorAplica\u021bieChestionar feedback 3. Nota recenziei 1234 4. Textul recenziei* 5. Detalii despre gestionarea feedback-ului \u0219i recompensa oferit\u0103* 6. Nume manager de tur\u0103* 7. Data recenziei* 8. Categorie de Servicii* FoodDrinksJocuri\/TehnicServiceOverall 9. [...]","protected":false},"author":2,"featured_media":0,"parent":0,"menu_order":0,"comment_status":"closed","ping_status":"closed","template":"page-templates\/template-fullwidth.php","meta":{"footnotes":""},"class_list":["post-7520","page","type-page","status-publish","hentry"],"_links":{"self":[{"href":"https:\/\/trickshot.ro\/en\/wp-json\/wp\/v2\/pages\/7520","targetHints":{"allow":["GET"]}}],"collection":[{"href":"https:\/\/trickshot.ro\/en\/wp-json\/wp\/v2\/pages"}],"about":[{"href":"https:\/\/trickshot.ro\/en\/wp-json\/wp\/v2\/types\/page"}],"author":[{"embeddable":true,"href":"https:\/\/trickshot.ro\/en\/wp-json\/wp\/v2\/users\/2"}],"replies":[{"embeddable":true,"href":"https:\/\/trickshot.ro\/en\/wp-json\/wp\/v2\/comments?post=7520"}],"version-history":[{"count":0,"href":"https:\/\/trickshot.ro\/en\/wp-json\/wp\/v2\/pages\/7520\/revisions"}],"wp:attachment":[{"href":"https:\/\/trickshot.ro\/en\/wp-json\/wp\/v2\/media?parent=7520"}],"curies":[{"name":"wp","href":"https:\/\/api.w.org\/{rel}","templated":true}]}}