{"id":5802,"date":"2023-08-04T11:03:06","date_gmt":"2023-08-04T09:03:06","guid":{"rendered":"https:\/\/trickshot.ro\/?page_id=5802"},"modified":"2023-08-09T07:26:58","modified_gmt":"2023-08-09T05:26:58","slug":"plantam-fapte-bune","status":"publish","type":"page","link":"https:\/\/trickshot.ro\/en\/plantam-fapte-bune\/","title":{"rendered":"UN COCKTAIL CUMP\u0102RAT = UN COPAC PLANTAT"},"content":{"rendered":"<div class=\"wpb-content-wrapper\"><div id=\"sectiune_ev_trick\" data-vc-full-width=\"true\" data-vc-full-width-init=\"false\" class=\"vc_row wpb_row vc_row-fluid vc_custom_1691151278228 vc_row-has-fill\"><div class=\"wpb_column vc_column_container vc_col-sm-12\"><div class=\"vc_column-inner\"><div class=\"wpb_wrapper\"><div class=\"vc_empty_space\"   style=\"height: 40px\"><span class=\"vc_empty_space_inner\"><\/span><\/div>\n\t<div class=\"wpb_text_column wpb_content_element\" >\n\t\t<div class=\"wpb_wrapper\">\n\t\t\t<h3 style=\"text-align: center;\" class=\"titlu_cocktail\">UN COCKTAIL CUMP\u0102RAT = UN COPAC PLANTAT<\/h3>\n\n\t\t<\/div>\n\t<\/div>\n\n\t<div class=\"wpb_text_column wpb_content_element\" >\n\t\t<div class=\"wpb_wrapper\">\n\t\t\t<h3 style=\"text-align: center;\">Let&#8217;s play an important role in greening the nature and enjoy a better world together<\/h3>\n\n\t\t<\/div>\n\t<\/div>\n<div class=\"wpb_images_carousel wpb_content_element vc_clearfix wpb_content_element\"><div class=\"wpb_wrapper\"><div id=\"vc_images-carousel-1-1777692997\" data-ride=\"vc_carousel\" data-wrap=\"false\" style=\"width: 100%;\" data-interval=\"5000\" data-auto-height=\"yes\" data-mode=\"horizontal\" data-partial=\"false\" data-per-view=\"1\" data-hide-on-end=\"false\" class=\"vc_slide vc_images_carousel\"><ol class=\"vc_carousel-indicators\"><li data-target=\"#vc_images-carousel-1-1777692997\" data-slide-to=\"0\"><\/li><li data-target=\"#vc_images-carousel-1-1777692997\" data-slide-to=\"1\"><\/li><\/ol><div class=\"vc_carousel-inner\"><div class=\"vc_carousel-slideline\"><div class=\"vc_carousel-slideline-inner\"><div class=\"vc_item\"><div class=\"vc_inner\"><a class=\"\" href=\"https:\/\/trickshot.ro\/wp-content\/uploads\/2023\/08\/DSC_9488-1024x683.jpg\" data-lightbox=\"lightbox[rel-5802-690458485]\"><img loading=\"lazy\" decoding=\"async\" width=\"2560\" height=\"1706\" src=\"https:\/\/trickshot.ro\/wp-content\/uploads\/2023\/08\/DSC_9488-scaled.jpg\" class=\"attachment-full\" alt=\"\" title=\"DSC_9488\" srcset=\"https:\/\/trickshot.ro\/wp-content\/uploads\/2023\/08\/DSC_9488-scaled.jpg 2560w, https:\/\/trickshot.ro\/wp-content\/uploads\/2023\/08\/DSC_9488-300x200.jpg 300w, https:\/\/trickshot.ro\/wp-content\/uploads\/2023\/08\/DSC_9488-1024x683.jpg 1024w, https:\/\/trickshot.ro\/wp-content\/uploads\/2023\/08\/DSC_9488-768x512.jpg 768w, https:\/\/trickshot.ro\/wp-content\/uploads\/2023\/08\/DSC_9488-1536x1024.jpg 1536w, https:\/\/trickshot.ro\/wp-content\/uploads\/2023\/08\/DSC_9488-2048x1365.jpg 2048w, https:\/\/trickshot.ro\/wp-content\/uploads\/2023\/08\/DSC_9488-18x12.jpg 18w, https:\/\/trickshot.ro\/wp-content\/uploads\/2023\/08\/DSC_9488-360x240.jpg 360w\" sizes=\"auto, (max-width: 2560px) 100vw, 2560px\" \/><\/a><\/div><\/div><div class=\"vc_item\"><div class=\"vc_inner\"><a class=\"\" href=\"https:\/\/trickshot.ro\/wp-content\/uploads\/2023\/08\/f804af1f-758d-4771-950c-99ec758c29d3-1024x768.jpg\" data-lightbox=\"lightbox[rel-5802-690458485]\"><img loading=\"lazy\" decoding=\"async\" width=\"1600\" height=\"1200\" src=\"https:\/\/trickshot.ro\/wp-content\/uploads\/2023\/08\/f804af1f-758d-4771-950c-99ec758c29d3.jpg\" class=\"attachment-full\" alt=\"\" title=\"f804af1f-758d-4771-950c-99ec758c29d3\" srcset=\"https:\/\/trickshot.ro\/wp-content\/uploads\/2023\/08\/f804af1f-758d-4771-950c-99ec758c29d3.jpg 1600w, https:\/\/trickshot.ro\/wp-content\/uploads\/2023\/08\/f804af1f-758d-4771-950c-99ec758c29d3-300x225.jpg 300w, https:\/\/trickshot.ro\/wp-content\/uploads\/2023\/08\/f804af1f-758d-4771-950c-99ec758c29d3-1024x768.jpg 1024w, https:\/\/trickshot.ro\/wp-content\/uploads\/2023\/08\/f804af1f-758d-4771-950c-99ec758c29d3-768x576.jpg 768w, https:\/\/trickshot.ro\/wp-content\/uploads\/2023\/08\/f804af1f-758d-4771-950c-99ec758c29d3-1536x1152.jpg 1536w, https:\/\/trickshot.ro\/wp-content\/uploads\/2023\/08\/f804af1f-758d-4771-950c-99ec758c29d3-16x12.jpg 16w\" sizes=\"auto, (max-width: 1600px) 100vw, 1600px\" \/><\/a><\/div><\/div><\/div><\/div><\/div><a class=\"vc_left vc_carousel-control\" href=\"#vc_images-carousel-1-1777692997\" data-slide=\"prev\"><span class=\"icon-prev\"><\/span><\/a><a class=\"vc_right vc_carousel-control\" href=\"#vc_images-carousel-1-1777692997\" data-slide=\"next\"><span class=\"icon-next\"><\/span><\/a><\/div><\/div><\/div>\n\t<div class=\"wpb_text_column wpb_content_element font24\" >\n\t\t<div class=\"wpb_wrapper\">\n\t\t\t<div id=\"v1forwardbody1\">\n<div lang=\"RO\" xml:lang=\"RO\">\n<div class=\"v1v1WordSection1\">\n<p><strong>Claudiu V\u0103c\u0103ru\u0219, Beverage Manager<\/strong> \u00een cadrul restaurantelor din grupul <strong>TRICKSHOT <\/strong>este c\u00e2\u0219tig\u0103torul titlului de \u201c<strong>Cel mai bun barman din Rom\u00e2nia\u201d<\/strong>, din cadrul <strong>Finalei competi\u021biei Diageo World Class, <\/strong>care s-a desf\u0103\u0219urat \u00een urm\u0103 cu pu\u021bin timp la Bucure\u0219ti.<\/p>\n<p>Claudiu <strong>va reprezenta Rom\u00e2nia la Finala Mondial\u0103 din Brazilia<\/strong>, care va avea loc \u00een S\u00e3o Paulo, acolo unde va concura al\u0103turi de al\u021bi 50 ca\u0219tig\u0103tori din alte \u021b\u0103ri, ai aceleia\u0219i competi\u021bii.<\/p>\n<p>&nbsp;<\/p>\n<\/div>\n<\/div>\n<\/div>\n<div id=\"v1forwardbody1\">\n<div lang=\"RO\" xml:lang=\"RO\">\n<div class=\"v1v1WordSection1\">\n<p>Una dintre probele concursului este reprezentat\u0103 de acest proiect, prin care ne propunem s\u0103 sus\u021binem ac\u021biunile de plantare a copacilor de c\u0103tre asocia\u021bia &#8220;Plant\u0103m fapte bune in Rom\u00e2nia&#8221;, prin redirec\u021bionarea sumei de 20 lei din valoarea fiecarui cocktail pe care tu \u00eel achizi\u021bionezi.<\/p>\n<\/div>\n<\/div>\n<div lang=\"RO\" xml:lang=\"RO\">\n<div class=\"v1v1WordSection1\">\n<p>&nbsp;<\/p>\n<p><em><strong>Diageo World Class<\/strong> este cea mai complex\u0103 competi\u021bie de bar din lume, \u00een cadrul c\u0103reia barmanii trebuie s\u0103 treac\u0103 prin numeroase probe eliminatorii \u00een care \u00ee\u0219i arat\u0103 m\u0103iestria, talentul \u0219i creativitatea \u00een a match-ui perfect tehnica prepar\u0103rii b\u0103uturilor cu aten\u021bia asupra alegerii ingredientelor, \u021bin\u00e2nd cont de sustenabilitatea acestora \u0219i nu numai.<\/em><\/p>\n<p><em>Foarte importante sunt, de asemenea, accentul \u0219i viziunea asupra integr\u0103rii comunit\u0103\u021bii \u00een conceptele propuse \u0219i modalitatea prin care fiecare concurent \u00een\u021belege s\u0103 eviden\u021bieze impactul \u0219i relevan\u021ba acestora.<\/em><\/p>\n<\/div>\n<\/div>\n<\/div>\n\n\t\t<\/div>\n\t<\/div>\n<div class=\"vc_empty_space\"   style=\"height: 40px\"><span class=\"vc_empty_space_inner\"><\/span><\/div><\/div><\/div><\/div><\/div><div class=\"vc_row-full-width vc_clearfix\"><\/div><div id=\"pop_up_mobile_locatii\" class=\"vc_row wpb_row vc_row-fluid pop_up_mobile vc_custom_1664087053881 vc_row-has-fill\"><div class=\"pop_up_mobile_col1 wpb_column vc_column_container vc_col-sm-10\"><div class=\"vc_column-inner\"><div class=\"wpb_wrapper\">\n\t<div  class=\"wpb_single_image wpb_content_element vc_align_center wpb_content_element vc_custom_1664089659317\">\n\t\t\n\t\t<figure class=\"wpb_wrapper vc_figure\">\n\t\t\t<a href=\"https:\/\/newsite.trickshot.ro\/trickshot-promenada\/\" target=\"_self\" class=\"vc_single_image-wrapper   vc_box_border_grey\"><img loading=\"lazy\" decoding=\"async\" width=\"1440\" height=\"900\" src=\"https:\/\/trickshot.ro\/wp-content\/uploads\/2022\/09\/trickshot_logo_locatie_promenada_white.png\" class=\"vc_single_image-img attachment-full\" alt=\"\" title=\"trickshot_logo_locatie_promenada_white\" srcset=\"https:\/\/trickshot.ro\/wp-content\/uploads\/2022\/09\/trickshot_logo_locatie_promenada_white.png 1440w, https:\/\/trickshot.ro\/wp-content\/uploads\/2022\/09\/trickshot_logo_locatie_promenada_white-300x188.png 300w, https:\/\/trickshot.ro\/wp-content\/uploads\/2022\/09\/trickshot_logo_locatie_promenada_white-1024x640.png 1024w, https:\/\/trickshot.ro\/wp-content\/uploads\/2022\/09\/trickshot_logo_locatie_promenada_white-768x480.png 768w\" sizes=\"auto, (max-width: 1440px) 100vw, 1440px\" \/><\/a>\n\t\t<\/figure>\n\t<\/div>\n\n\t<div  class=\"wpb_single_image wpb_content_element vc_align_center wpb_content_element vc_custom_1664089673215\">\n\t\t\n\t\t<figure class=\"wpb_wrapper vc_figure\">\n\t\t\t<a href=\"https:\/\/newsite.trickshot.ro\/trickshot-mega-mall\/\" target=\"_self\" class=\"vc_single_image-wrapper   vc_box_border_grey\"><img loading=\"lazy\" decoding=\"async\" width=\"1440\" height=\"900\" src=\"https:\/\/trickshot.ro\/wp-content\/uploads\/2022\/09\/trickshot_logo_locatie_megamall_white.png\" class=\"vc_single_image-img attachment-full\" alt=\"\" title=\"trickshot_logo_locatie_megamall_white\" srcset=\"https:\/\/trickshot.ro\/wp-content\/uploads\/2022\/09\/trickshot_logo_locatie_megamall_white.png 1440w, https:\/\/trickshot.ro\/wp-content\/uploads\/2022\/09\/trickshot_logo_locatie_megamall_white-300x188.png 300w, https:\/\/trickshot.ro\/wp-content\/uploads\/2022\/09\/trickshot_logo_locatie_megamall_white-1024x640.png 1024w, https:\/\/trickshot.ro\/wp-content\/uploads\/2022\/09\/trickshot_logo_locatie_megamall_white-768x480.png 768w\" sizes=\"auto, (max-width: 1440px) 100vw, 1440px\" \/><\/a>\n\t\t<\/figure>\n\t<\/div>\n\n\t<div  class=\"wpb_single_image wpb_content_element vc_align_center wpb_content_element vc_custom_1664089684414\">\n\t\t\n\t\t<figure class=\"wpb_wrapper vc_figure\">\n\t\t\t<a href=\"https:\/\/newsite.trickshot.ro\/trickshot-afi-brasov\/\" target=\"_self\" class=\"vc_single_image-wrapper   vc_box_border_grey\"><img loading=\"lazy\" decoding=\"async\" width=\"1440\" height=\"900\" src=\"https:\/\/trickshot.ro\/wp-content\/uploads\/2022\/09\/trickshot_logo_locatie_afibrasov_white.png\" class=\"vc_single_image-img attachment-full\" alt=\"\" title=\"trickshot_logo_locatie_afibrasov_white\" srcset=\"https:\/\/trickshot.ro\/wp-content\/uploads\/2022\/09\/trickshot_logo_locatie_afibrasov_white.png 1440w, https:\/\/trickshot.ro\/wp-content\/uploads\/2022\/09\/trickshot_logo_locatie_afibrasov_white-300x188.png 300w, https:\/\/trickshot.ro\/wp-content\/uploads\/2022\/09\/trickshot_logo_locatie_afibrasov_white-1024x640.png 1024w, https:\/\/trickshot.ro\/wp-content\/uploads\/2022\/09\/trickshot_logo_locatie_afibrasov_white-768x480.png 768w\" sizes=\"auto, (max-width: 1440px) 100vw, 1440px\" \/><\/a>\n\t\t<\/figure>\n\t<\/div>\n<\/div><\/div><\/div><div class=\"pop_up_mobile_col2 wpb_column vc_column_container vc_col-sm-2\"><div class=\"vc_column-inner\"><div class=\"wpb_wrapper\">\t\t\r\n\t\t<div class=\"mega_uae_btn_473\" style=\"justify-content: center; display: flex;\">\r\n\t\t\t\t\t\t\t<a href=\"\" target=\"\" title=\"\" class=\"maw_advanced_btn hvr-fade\" style=\"color: #fc3c22;background:  ; border: 0px solid ; border-radius: px; font-size: 30px; padding: 10px 15px; font-family:Abril Fatface;font-weight:400;font-style:normal;\" data-text=\"\"> \r\n\t\t\t\t\t\t\t\t\t\t\t<i class=\"fas fa-times icon__left\"><\/i> \r\n\t\t\t\t\t\t\t\t\t\t\t\t\t\t\t\t\t\t\t\t<\/a>\r\n\t\t\t\t<div style=\"clear: both;\"><\/div>\r\n\t\t\t\r\n\t\t\t\r\n\t\t\t\r\n\t\t\t\r\n\t\t\t\r\n\t\t\t\t\t<\/div>\r\n\t\t<style>\r\n\t\t\t.mega_uae_btn_473 .maw_advanced_btn{\r\n\t\t\t\ttext-transform: default !important;\r\n\t\t\t\tfont-style: default !important;\r\n\t\t\t\ttext-decoration: default !important;\r\n\t\t\t\tbox-none: 0 10px 20px rgba(0, 0, 0, 0.3) !important;\r\n\t\t\t}\r\n\t\t\t\t\t\t\t.mega_uae_btn_473 .maw_advanced_btn .icon__left {\r\n\t\t\t\t\tfont-size: 30px !important;\r\n\t\t\t\t\tpadding-right: 25px !important;\r\n\t\t\t\t}\r\n\t\t\t\t\t\t\r\n\t\t\t.mega_uae_btn_473 .button--antiman:hover,\r\n\t\t\t.mega_uae_btn_473 .button--nuka:hover,\r\n\t\t\t.mega_uae_btn_473 .button--aylen:hover,\r\n\t\t\t.mega_uae_btn_473 .button--pipaluk:hover {\r\n\t\t\t\tcolor: #fff !important;\r\n\t\t\t}\r\n\r\n\t\t\t\t\t\t\t.mega_uae_btn_473 .hvr-fade:hover{\r\n\t\t\t\t\tbackground:  !important;\r\n\t\t\t\t\tcolor: #fff !important;\r\n\t\t\t\t}\r\n\t\t\t\r\n\t\t\t\r\n\t\t\t\t\t\t\r\n\t\t\t\t\t\t\r\n\t\t\t\r\n\t\t\t\t\t\r\n\t\t\t\r\n\t\t\t\r\n\t\t\t\r\n\t\t\t\r\n\t\t\t\r\n\t\t\t\r\n\t\t\t\r\n\t\t\t\r\n\t\t\t\r\n\t\t\t\t\t<\/style>\r\n\r\n\t\t<\/div><\/div><\/div><\/div><div id=\"pop_up_mobile_contact\" class=\"vc_row wpb_row vc_row-fluid pop_up_mobile vc_custom_1665602951236 vc_row-has-fill\"><div class=\"pop_up_mobile_col1 wpb_column vc_column_container vc_col-sm-10\"><div class=\"vc_column-inner\"><div class=\"wpb_wrapper\"><div class=\"vc_row wpb_row vc_inner vc_row-fluid vc_custom_1665576738939 vc_row-has-fill\"><div class=\"wpb_column vc_column_container vc_col-sm-12\"><div class=\"vc_column-inner\"><div class=\"wpb_wrapper\">\n\t<div class=\"wpb_text_column wpb_content_element\" >\n\t\t<div class=\"wpb_wrapper\">\n\t\t\t<h2 style=\"text-align: center; color: #fff;\"><a style=\"text-align: center; color: #fff;\" href=\"https:\/\/trickshot.ro\/en\/trickshot-promenada\/\">Trickshot Promenda<\/a><\/h2>\n\n\t\t<\/div>\n\t<\/div>\n\n\t<div class=\"wpb_text_column wpb_content_element\" >\n\t\t<div class=\"wpb_wrapper\">\n\t\t\t<h3 style=\"text-align: center;\"><a href=\"tel:+40310052755\"><i class=\"fas fa-phone\" style=\"padding-right: 4px; font-size: 20px;\"><\/i><span> 031 005 2750 <\/span><\/a><\/h3>\n\n\t\t<\/div>\n\t<\/div>\n<\/div><\/div><\/div><\/div><div class=\"vc_row wpb_row vc_inner vc_row-fluid vc_custom_1665576754328 vc_row-has-fill\"><div class=\"wpb_column vc_column_container vc_col-sm-12\"><div class=\"vc_column-inner\"><div class=\"wpb_wrapper\">\n\t<div class=\"wpb_text_column wpb_content_element\" >\n\t\t<div class=\"wpb_wrapper\">\n\t\t\t<h2 style=\"text-align: center; color: #fff;\"><a style=\"text-align: center; color: #fff;\" href=\"https:\/\/trickshot.ro\/en\/trickshot-mega-mall\/\">Trickshot MegaMall<\/a><\/h2>\n\n\t\t<\/div>\n\t<\/div>\n\n\t<div class=\"wpb_text_column wpb_content_element\" >\n\t\t<div class=\"wpb_wrapper\">\n\t\t\t<h3 style=\"text-align: center;\"><a href=\"tel:+40310052754\"><i class=\"fas fa-phone\" style=\"padding-right: 4px; font-size: 20px;\"><\/i><span> 031 005 2753<\/span><\/a><\/h3>\n\n\t\t<\/div>\n\t<\/div>\n<\/div><\/div><\/div><\/div><div class=\"vc_row wpb_row vc_inner vc_row-fluid d-hidden vc_custom_1671447652024 vc_row-has-fill\"><div class=\"wpb_column vc_column_container vc_col-sm-12\"><div class=\"vc_column-inner\"><div class=\"wpb_wrapper\">\n\t<div class=\"wpb_text_column wpb_content_element\" >\n\t\t<div class=\"wpb_wrapper\">\n\t\t\t<h2 style=\"text-align: center; color: #fff;\"><a style=\"text-align: center; color: #fff;\" href=\"https:\/\/trickshot.ro\/en\/brasov\/\">Trickshot AFI Bra\u0219ov<\/a><\/h2>\n\n\t\t<\/div>\n\t<\/div>\n\n\t<div class=\"wpb_text_column wpb_content_element\" >\n\t\t<div class=\"wpb_wrapper\">\n\t\t\t<h3 style=\"text-align: center;\"><a href=\"tel:0310052755\"><i class=\"fas fa-phone\" style=\"padding-right: 4px; font-size: 20px;\"><\/i><span> 031 005 2755 <\/span><\/a><\/h3>\n\n\t\t<\/div>\n\t<\/div>\n<\/div><\/div><\/div><\/div><\/div><\/div><\/div><div class=\"pop_up_mobile_col2 wpb_column vc_column_container vc_col-sm-2\"><div class=\"vc_column-inner\"><div class=\"wpb_wrapper\">\t\t\r\n\t\t<div class=\"mega_uae_btn_90\" style=\"justify-content: center; display: flex;\">\r\n\t\t\t\t\t\t\t<a href=\"\" target=\"\" title=\"\" class=\"maw_advanced_btn hvr-fade\" style=\"color: #fc3c22;background:  ; border: 0px solid ; border-radius: px; font-size: 30px; padding: 10px 15px; font-family:Abril Fatface;font-weight:400;font-style:normal;\" data-text=\"\"> \r\n\t\t\t\t\t\t\t\t\t\t\t<i class=\"fas fa-times icon__left\"><\/i> \r\n\t\t\t\t\t\t\t\t\t\t\t\t\t\t\t\t\t\t\t\t<\/a>\r\n\t\t\t\t<div style=\"clear: both;\"><\/div>\r\n\t\t\t\r\n\t\t\t\r\n\t\t\t\r\n\t\t\t\r\n\t\t\t\r\n\t\t\t\t\t<\/div>\r\n\t\t<style>\r\n\t\t\t.mega_uae_btn_90 .maw_advanced_btn{\r\n\t\t\t\ttext-transform: default !important;\r\n\t\t\t\tfont-style: default !important;\r\n\t\t\t\ttext-decoration: default !important;\r\n\t\t\t\tbox-none: 0 10px 20px rgba(0, 0, 0, 0.3) !important;\r\n\t\t\t}\r\n\t\t\t\t\t\t\t.mega_uae_btn_90 .maw_advanced_btn .icon__left {\r\n\t\t\t\t\tfont-size: 30px !important;\r\n\t\t\t\t\tpadding-right: 25px !important;\r\n\t\t\t\t}\r\n\t\t\t\t\t\t\r\n\t\t\t.mega_uae_btn_90 .button--antiman:hover,\r\n\t\t\t.mega_uae_btn_90 .button--nuka:hover,\r\n\t\t\t.mega_uae_btn_90 .button--aylen:hover,\r\n\t\t\t.mega_uae_btn_90 .button--pipaluk:hover {\r\n\t\t\t\tcolor: #fff !important;\r\n\t\t\t}\r\n\r\n\t\t\t\t\t\t\t.mega_uae_btn_90 .hvr-fade:hover{\r\n\t\t\t\t\tbackground:  !important;\r\n\t\t\t\t\tcolor: #fff !important;\r\n\t\t\t\t}\r\n\t\t\t\r\n\t\t\t\r\n\t\t\t\t\t\t\r\n\t\t\t\t\t\t\r\n\t\t\t\r\n\t\t\t\t\t\r\n\t\t\t\r\n\t\t\t\r\n\t\t\t\r\n\t\t\t\r\n\t\t\t\r\n\t\t\t\r\n\t\t\t\r\n\t\t\t\r\n\t\t\t\r\n\t\t\t\t\t<\/style>\r\n\r\n\t\t<\/div><\/div><\/div><\/div>\n<\/div>","protected":false},"excerpt":{"rendered":"UN COCKTAIL CUMP\u0102RAT = UN COPAC PLANTAT Let's play an important role in greening the nature and enjoy a better world together Claudiu V\u0103c\u0103ru\u0219, Beverage Manager \u00een cadrul restaurantelor din grupul TRICKSHOT este c\u00e2\u0219tig\u0103torul titlului de \u201cCel mai bun barman din Rom\u00e2nia\u201d, din cadrul Finalei competi\u021biei Diageo World Class, care [...]","protected":false},"author":2,"featured_media":0,"parent":0,"menu_order":0,"comment_status":"closed","ping_status":"closed","template":"page-templates\/template-fullwidth.php","meta":{"footnotes":""},"class_list":["post-5802","page","type-page","status-publish","hentry"],"_links":{"self":[{"href":"https:\/\/trickshot.ro\/en\/wp-json\/wp\/v2\/pages\/5802","targetHints":{"allow":["GET"]}}],"collection":[{"href":"https:\/\/trickshot.ro\/en\/wp-json\/wp\/v2\/pages"}],"about":[{"href":"https:\/\/trickshot.ro\/en\/wp-json\/wp\/v2\/types\/page"}],"author":[{"embeddable":true,"href":"https:\/\/trickshot.ro\/en\/wp-json\/wp\/v2\/users\/2"}],"replies":[{"embeddable":true,"href":"https:\/\/trickshot.ro\/en\/wp-json\/wp\/v2\/comments?post=5802"}],"version-history":[{"count":0,"href":"https:\/\/trickshot.ro\/en\/wp-json\/wp\/v2\/pages\/5802\/revisions"}],"wp:attachment":[{"href":"https:\/\/trickshot.ro\/en\/wp-json\/wp\/v2\/media?parent=5802"}],"curies":[{"name":"wp","href":"https:\/\/api.w.org\/{rel}","templated":true}]}}