{"id":414,"date":"2022-08-15T08:02:19","date_gmt":"2022-08-15T08:02:19","guid":{"rendered":"https:\/\/newsite.trickshot.ro\/?page_id=414"},"modified":"2022-10-31T07:26:54","modified_gmt":"2022-10-31T07:26:54","slug":"siguranta","status":"publish","type":"page","link":"https:\/\/trickshot.ro\/en\/siguranta\/","title":{"rendered":"Siguranta"},"content":{"rendered":"<div class=\"wpb-content-wrapper\"><div data-vc-full-width=\"true\" data-vc-full-width-temp=\"true\" data-vc-full-width-init=\"false\" class=\"vc_row wpb_row vc_row-fluid\"><div class=\"wpb_column vc_column_container vc_col-sm-12\"><div class=\"vc_column-inner\"><div class=\"wpb_wrapper\"><div class=\"vc_empty_space\"   style=\"height: 32px\"><span class=\"vc_empty_space_inner\"><\/span><\/div><\/div><\/div><\/div><\/div><div class=\"vc_row-full-width vc_clearfix\"><\/div><div data-vc-full-width=\"true\" data-vc-full-width-temp=\"true\" data-vc-full-width-init=\"false\" class=\"vc_row wpb_row vc_row-fluid\"><div class=\"wpb_column vc_column_container vc_col-sm-12\"><div class=\"vc_column-inner\"><div class=\"wpb_wrapper\"><div class=\"vc_empty_space\"   style=\"height: 43px\"><span class=\"vc_empty_space_inner\"><\/span><\/div>\n\t<div class=\"wpb_text_column wpb_content_element\" >\n\t\t<div class=\"wpb_wrapper\">\n\t\t\t<h2 class=\"titlu_bold\" style=\"text-align: center;\"><strong>#safeDINING la TRICKSHOT<\/strong><\/h2>\n\n\t\t<\/div>\n\t<\/div>\n<div class=\"vc_separator wpb_content_element vc_separator_align_center vc_sep_width_20 vc_sep_border_width_3 vc_sep_pos_align_center vc_separator_no_text vc_sep_color_black vc_custom_1665229883738 wpb_content_element  vc_custom_1665229883738 wpb_content_element\" ><span class=\"vc_sep_holder vc_sep_holder_l\"><span class=\"vc_sep_line\"><\/span><\/span><span class=\"vc_sep_holder vc_sep_holder_r\"><span class=\"vc_sep_line\"><\/span><\/span>\n<\/div><\/div><\/div><\/div><\/div><div class=\"vc_row-full-width vc_clearfix\"><\/div><div class=\"vc_row wpb_row vc_row-fluid\"><div class=\"wpb_column vc_column_container vc_col-sm-12\"><div class=\"vc_column-inner\"><div class=\"wpb_wrapper\">\n\t<div class=\"wpb_text_column wpb_content_element\" >\n\t\t<div class=\"wpb_wrapper\">\n\t\t\t<p style=\"text-align: center;\"><span>Punem mare pre\u021b pe siguran\u021ba echipei \u0219i oaspe\u021bilor no\u0219tri.<\/span><br \/>\n<span>Ne m\u00e2ndrim cu faptul c\u0103 procedurile noastre de igienizare a personalului \u0219i a spa\u021biului au fost extrem de stricte \u00eenc\u0103 dinainte de apari\u021bia pandemiei generat\u0103 de virusul SARS COV-2, dar au fost intensificate \u00eencep\u00e2nd cu luna martie 2020, dup\u0103 cum urmeaz\u0103:<\/span><\/p>\n\n\t\t<\/div>\n\t<\/div>\n<\/div><\/div><\/div><\/div><div data-vc-full-width=\"true\" data-vc-full-width-temp=\"true\" data-vc-full-width-init=\"false\" class=\"vc_row wpb_row vc_row-fluid\"><div class=\"wpb_column vc_column_container vc_col-sm-12 vc_col-has-fill\"><div class=\"vc_column-inner vc_custom_1661081298819\"><div class=\"wpb_wrapper\"><div class=\"vc_row wpb_row vc_inner vc_row-fluid\"><div class=\"wpb_column vc_column_container vc_col-sm-12\"><div class=\"vc_column-inner\"><div class=\"wpb_wrapper\">\n\t<div class=\"wpb_text_column wpb_content_element\" >\n\t\t<div class=\"wpb_wrapper\">\n\t\t\t<h2 class=\"titlu_bold70\" style=\"text-align: center;\">SPA\u021aIU<\/h2>\n\n\t\t<\/div>\n\t<\/div>\n<div class=\"vc_separator wpb_content_element vc_separator_align_center vc_sep_width_20 vc_sep_border_width_3 vc_sep_pos_align_center vc_separator_no_text vc_sep_color_black vc_custom_1667200901453 wpb_content_element  vc_custom_1667200901453 wpb_content_element\" ><span class=\"vc_sep_holder vc_sep_holder_l\"><span class=\"vc_sep_line\"><\/span><\/span><span class=\"vc_sep_holder vc_sep_holder_r\"><span class=\"vc_sep_line\"><\/span><\/span>\n<\/div>\n\t<div class=\"wpb_text_column wpb_content_element\" >\n\t\t<div class=\"wpb_wrapper\">\n\t\t\t<ul>\n<li style=\"text-align: left;\">Am reconfigurat a\u0219ezarea meselor \u0219i p\u0103str\u0103m distan\u021ba dintre scaune conform normelor impuse de autorit\u0103\u021bi<\/li>\n<li style=\"text-align: left;\">Dezinfect\u0103m mesele \u0219i scaunele din loca\u021bii cu solu\u021bii speciale, adaptate noilor circumstan\u021be medicale<\/li>\n<li style=\"text-align: left;\">Meniul este disponibil online, \u00een format electronic, pentru a evita contactul cu meniul fizic<\/li>\n<li style=\"text-align: left;\">Avem zone speciale unde am amplasat dispensere cu dezinfectant, cu acces nelimitat pentru oaspe\u021bi \u0219i membrii staff-ului<\/li>\n<li style=\"text-align: left;\">Am intensificat frecven\u021ba circuitului complet de igienizare \u0219i cur\u0103\u021benie<\/li>\n<\/ul>\n\n\t\t<\/div>\n\t<\/div>\n\n\t<div class=\"wpb_text_column wpb_content_element\" >\n\t\t<div class=\"wpb_wrapper\">\n\t\t\t<h2 class=\"titlu_bold70\" style=\"text-align: center;\">PERSONAL<\/h2>\n\n\t\t<\/div>\n\t<\/div>\n<div class=\"vc_separator wpb_content_element vc_separator_align_center vc_sep_width_20 vc_sep_border_width_3 vc_sep_pos_align_center vc_separator_no_text vc_sep_color_black vc_custom_1667200913324 wpb_content_element  vc_custom_1667200913324 wpb_content_element\" ><span class=\"vc_sep_holder vc_sep_holder_l\"><span class=\"vc_sep_line\"><\/span><\/span><span class=\"vc_sep_holder vc_sep_holder_r\"><span class=\"vc_sep_line\"><\/span><\/span>\n<\/div>\n\t<div class=\"wpb_text_column wpb_content_element\" >\n\t\t<div class=\"wpb_wrapper\">\n\t\t\t<ul>\n<li>To\u021bi angaja\u021bii companiei sunt vaccina\u021bi \u00eempotriva virusului Sars Cov-2<\/li>\n<li>To\u021bi angaja\u021bii opera\u021bionali poart\u0103 m\u0103\u0219ti de unic\u0103 folosin\u021b\u0103, pe care le schimb\u0103 de fiecare dat\u0103 c\u00e2nd este nevoie, dar nu mai rar de o or\u0103<\/li>\n<li>To\u021bi angaja\u021bii au acces nelimitat la gel dezinfectant \u0219i au obliga\u021bia s\u0103 se dezinfecteze \u00eenainte de orice interac\u021biune cu oaspe\u021bii sau livrarea preparatelor<\/li>\n<li>Ca \u0219i \u00eenainte, uniformele staff-ului sunt cur\u0103\u021bate \u0219i igienizate dup\u0103 fiecare purtare \u0219i p\u0103strate \u00een deplin\u0103 siguran\u021b\u0103<\/li>\n<\/ul>\n\n\t\t<\/div>\n\t<\/div>\n\n\t<div class=\"wpb_text_column wpb_content_element\" >\n\t\t<div class=\"wpb_wrapper\">\n\t\t\t<h2 class=\"titlu_bold70\" style=\"text-align: center;\">PREPARARE \u0218I SERVIRE<\/h2>\n\n\t\t<\/div>\n\t<\/div>\n<div class=\"vc_separator wpb_content_element vc_separator_align_center vc_sep_width_20 vc_sep_border_width_3 vc_sep_pos_align_center vc_separator_no_text vc_sep_color_black vc_custom_1667200926962 wpb_content_element  vc_custom_1667200926962 wpb_content_element\" ><span class=\"vc_sep_holder vc_sep_holder_l\"><span class=\"vc_sep_line\"><\/span><\/span><span class=\"vc_sep_holder vc_sep_holder_r\"><span class=\"vc_sep_line\"><\/span><\/span>\n<\/div>\n\t<div class=\"wpb_text_column wpb_content_element\" >\n\t\t<div class=\"wpb_wrapper\">\n\t\t\t<ul>\n<li>Dezinfect\u0103m tac\u00e2murile, vesela \u0219i vesela mare de buc\u0103t\u0103rie \u0219i bar cu substan\u021be biocide, \u00een ma\u0219ini de sp\u0103lat profesionale, de ultim\u0103 genera\u021bie, care au programe speciale de dezinfectare<\/li>\n<li>Tac\u00e2murile \u0219i vesela folosite sunt depozitate \u00een zone special amenajate, care nu interac\u021bioneaz\u0103 cu restul opera\u021biunilor<\/li>\n<li>Igienizarea spa\u021biului de g\u0103tire \u0219i a echipamentelor se face dup\u0103 fiecare tur\u0103, cu produse biocide.<\/li>\n<\/ul>\n\n\t\t<\/div>\n\t<\/div>\n<\/div><\/div><\/div><\/div><div class=\"vc_empty_space\"   style=\"height: 55px\"><span class=\"vc_empty_space_inner\"><\/span><\/div><\/div><\/div><\/div><\/div><div class=\"vc_row-full-width vc_clearfix\"><\/div>\n<\/div>","protected":false},"excerpt":{"rendered":"#safeDINING la TRICKSHOT Punem mare pre\u021b pe siguran\u021ba echipei \u0219i oaspe\u021bilor no\u0219tri. Ne m\u00e2ndrim cu faptul c\u0103 procedurile noastre de igienizare a personalului \u0219i a spa\u021biului au fost extrem de stricte \u00eenc\u0103 dinainte de apari\u021bia pandemiei generat\u0103 de virusul SARS COV-2, dar au fost intensificate \u00eencep\u00e2nd cu luna martie 2020, [...]","protected":false},"author":2,"featured_media":0,"parent":0,"menu_order":0,"comment_status":"closed","ping_status":"closed","template":"page-templates\/template-fullwidth.php","meta":{"footnotes":""},"class_list":["post-414","page","type-page","status-publish","hentry"],"_links":{"self":[{"href":"https:\/\/trickshot.ro\/en\/wp-json\/wp\/v2\/pages\/414","targetHints":{"allow":["GET"]}}],"collection":[{"href":"https:\/\/trickshot.ro\/en\/wp-json\/wp\/v2\/pages"}],"about":[{"href":"https:\/\/trickshot.ro\/en\/wp-json\/wp\/v2\/types\/page"}],"author":[{"embeddable":true,"href":"https:\/\/trickshot.ro\/en\/wp-json\/wp\/v2\/users\/2"}],"replies":[{"embeddable":true,"href":"https:\/\/trickshot.ro\/en\/wp-json\/wp\/v2\/comments?post=414"}],"version-history":[{"count":33,"href":"https:\/\/trickshot.ro\/en\/wp-json\/wp\/v2\/pages\/414\/revisions"}],"predecessor-version":[{"id":4169,"href":"https:\/\/trickshot.ro\/en\/wp-json\/wp\/v2\/pages\/414\/revisions\/4169"}],"wp:attachment":[{"href":"https:\/\/trickshot.ro\/en\/wp-json\/wp\/v2\/media?parent=414"}],"curies":[{"name":"wp","href":"https:\/\/api.w.org\/{rel}","templated":true}]}}