{"id":3249,"date":"2022-10-11T10:56:21","date_gmt":"2022-10-11T10:56:21","guid":{"rendered":"https:\/\/newsite.trickshot.ro\/?page_id=3249"},"modified":"2023-07-25T12:42:33","modified_gmt":"2023-07-25T10:42:33","slug":"event-feedback","status":"publish","type":"page","link":"https:\/\/trickshot.ro\/en\/event-feedback\/","title":{"rendered":"CHESTIONAR FEEDBACK EVENIMENTE ORGANIZATE"},"content":{"rendered":"<div class=\"wpb-content-wrapper\"><div data-vc-full-width=\"true\" data-vc-full-width-init=\"false\" class=\"vc_row wpb_row vc_row-fluid\"><div class=\"wpb_column vc_column_container vc_col-sm-12\"><div class=\"vc_column-inner\"><div class=\"wpb_wrapper\"><div class=\"vc_empty_space\"   style=\"height: 32px\"><span class=\"vc_empty_space_inner\"><\/span><\/div><\/div><\/div><\/div><\/div><div class=\"vc_row-full-width vc_clearfix\"><\/div><div data-vc-full-width=\"true\" data-vc-full-width-init=\"false\" class=\"vc_row wpb_row vc_row-fluid\"><div class=\"wpb_column vc_column_container vc_col-sm-12\"><div class=\"vc_column-inner\"><div class=\"wpb_wrapper\"><div class=\"vc_empty_space\"   style=\"height: 43px\"><span class=\"vc_empty_space_inner\"><\/span><\/div>\n\t<div class=\"wpb_text_column wpb_content_element\" >\n\t\t<div class=\"wpb_wrapper\">\n\t\t\t<h2 class=\"titlu_bold\" style=\"text-align: center;\"><strong>Event Feedback Questionnaire<\/strong><\/h2>\n\n\t\t<\/div>\n\t<\/div>\n<div class=\"vc_separator wpb_content_element vc_separator_align_center vc_sep_width_20 vc_sep_border_width_3 vc_sep_pos_align_center vc_separator_no_text vc_sep_color_black vc_custom_1665229883738 wpb_content_element  vc_custom_1665229883738 wpb_content_element\" ><span class=\"vc_sep_holder vc_sep_holder_l\"><span class=\"vc_sep_line\"><\/span><\/span><span class=\"vc_sep_holder vc_sep_holder_r\"><span class=\"vc_sep_line\"><\/span><\/span>\n<\/div><\/div><\/div><\/div><\/div><div class=\"vc_row-full-width vc_clearfix\"><\/div><div id=\"contact_form\" class=\"vc_row wpb_row vc_row-fluid\"><div class=\"wpb_column vc_column_container vc_col-sm-12\"><div class=\"vc_column-inner\"><div class=\"wpb_wrapper\">\n<div class=\"wpcf7 no-js\" id=\"wpcf7-f3248-o1\" lang=\"en-US\" dir=\"ltr\" data-wpcf7-id=\"3248\">\n<div class=\"screen-reader-response\"><p role=\"status\" aria-live=\"polite\" aria-atomic=\"true\"><\/p> <ul><\/ul><\/div>\n<form action=\"\/en\/wp-json\/wp\/v2\/pages\/3249#wpcf7-f3248-o1\" method=\"post\" class=\"wpcf7-form init cf7mls-no-scroll cf7mls-auto-return-first-step cf7mls-no-moving-animation\" aria-label=\"Contact form\" novalidate=\"novalidate\" data-status=\"init\" data-trp-original-action=\"\/en\/wp-json\/wp\/v2\/pages\/3249#wpcf7-f3248-o1\">\n<fieldset class=\"hidden-fields-container\"><input type=\"hidden\" name=\"_wpcf7\" value=\"3248\" \/><input type=\"hidden\" name=\"_wpcf7_version\" value=\"6.1.1\" \/><input type=\"hidden\" name=\"_wpcf7_locale\" value=\"en_US\" \/><input type=\"hidden\" name=\"_wpcf7_unit_tag\" value=\"wpcf7-f3248-o1\" \/><input type=\"hidden\" name=\"_wpcf7_container_post\" value=\"0\" \/><input type=\"hidden\" name=\"_wpcf7_posted_data_hash\" value=\"\" \/><input type=\"hidden\" name=\"_wpcf7_recaptcha_response\" value=\"\" \/>\n<\/fieldset>\n<div class=\"intrebari_chestionar\">\n\t<p>Please tell us where the event was held*\n\t<\/p>\n\t<p><span class=\"wpcf7-form-control-wrap\" data-name=\"radio-266\"><span class=\"wpcf7-form-control wpcf7-radio\"><span class=\"wpcf7-list-item first\"><input type=\"radio\" name=\"radio-266\" value=\"Promenada\" checked=\"checked\" \/><span class=\"wpcf7-list-item-label\">Promenada<\/span><\/span><span class=\"wpcf7-list-item\"><input type=\"radio\" name=\"radio-266\" value=\"Mega Mall\" \/><span class=\"wpcf7-list-item-label\">Mega Mall<\/span><\/span><span class=\"wpcf7-list-item\"><input type=\"radio\" name=\"radio-266\" value=\"Afi Bra\u0219ov\" \/><span class=\"wpcf7-list-item-label\">Afi Bra\u0219ov<\/span><\/span><span class=\"wpcf7-list-item last\"><input type=\"radio\" name=\"radio-266\" value=\"Afi Cotroceni\" \/><span class=\"wpcf7-list-item-label\">Afi Cotroceni<\/span><\/span><\/span><\/span>\n\t<\/p>\n\t<p>1. How satisfied were you with the organization of your event overall?*\n\t<\/p>\n\t<p><span class=\"wpcf7-form-control-wrap\" data-name=\"checkbox-239\"><span class=\"wpcf7-form-control wpcf7-checkbox wpcf7-validates-as-required wpcf7-exclusive-checkbox\"><span class=\"wpcf7-list-item first\"><input type=\"checkbox\" name=\"checkbox-239\" value=\"foarte mul\u021bumit\" \/><span class=\"wpcf7-list-item-label\">very pleased<\/span><\/span><span class=\"wpcf7-list-item\"><input type=\"checkbox\" name=\"checkbox-239\" value=\"mul\u021bumit\" \/><span class=\"wpcf7-list-item-label\">satisfied<\/span><\/span><span class=\"wpcf7-list-item\"><input type=\"checkbox\" name=\"checkbox-239\" value=\"satisfac\u0103tor\" \/><span class=\"wpcf7-list-item-label\">well<\/span><\/span><span class=\"wpcf7-list-item\"><input type=\"checkbox\" name=\"checkbox-239\" value=\"se putea \u0219i mai bine\" \/><span class=\"wpcf7-list-item-label\">it could be better<\/span><\/span><span class=\"wpcf7-list-item last\"><input type=\"checkbox\" name=\"checkbox-239\" value=\"total nemul\u021bumit\" \/><span class=\"wpcf7-list-item-label\">totally unsatisfied<\/span><\/span><\/span><\/span>\n\t<\/p>\n\t<p>2. Were you satisfied with the dishes served (food and drinks)? *\n\t<\/p>\n\t<p><span class=\"wpcf7-form-control-wrap\" data-name=\"checkbox-2319\"><span class=\"wpcf7-form-control wpcf7-checkbox wpcf7-validates-as-required wpcf7-exclusive-checkbox\"><span class=\"wpcf7-list-item first\"><input type=\"checkbox\" name=\"checkbox-2319\" value=\"foarte mul\u021bumit\" \/><span class=\"wpcf7-list-item-label\">very pleased<\/span><\/span><span class=\"wpcf7-list-item\"><input type=\"checkbox\" name=\"checkbox-2319\" value=\"mul\u021bumit\" \/><span class=\"wpcf7-list-item-label\">satisfied<\/span><\/span><span class=\"wpcf7-list-item\"><input type=\"checkbox\" name=\"checkbox-2319\" value=\"satisfac\u0103tor\" \/><span class=\"wpcf7-list-item-label\">well<\/span><\/span><span class=\"wpcf7-list-item\"><input type=\"checkbox\" name=\"checkbox-2319\" value=\"se putea \u0219i mai bine\" \/><span class=\"wpcf7-list-item-label\">it could be better<\/span><\/span><span class=\"wpcf7-list-item last\"><input type=\"checkbox\" name=\"checkbox-2319\" value=\"total nemul\u021bumit\" \/><span class=\"wpcf7-list-item-label\">totally unsatisfied<\/span><\/span><\/span><\/span>\n\t<\/p>\n\t<p>3. How do you rate the interaction with the Events Manager and his involvement in organizing the event?*\n\t<\/p>\n\t<p><span class=\"wpcf7-form-control-wrap\" data-name=\"checkbox-2329\"><span class=\"wpcf7-form-control wpcf7-checkbox wpcf7-validates-as-required wpcf7-exclusive-checkbox\"><span class=\"wpcf7-list-item first\"><input type=\"checkbox\" name=\"checkbox-2329\" value=\"foarte mul\u021bumit\" \/><span class=\"wpcf7-list-item-label\">very pleased<\/span><\/span><span class=\"wpcf7-list-item\"><input type=\"checkbox\" name=\"checkbox-2329\" value=\"mul\u021bumit\" \/><span class=\"wpcf7-list-item-label\">satisfied<\/span><\/span><span class=\"wpcf7-list-item\"><input type=\"checkbox\" name=\"checkbox-2329\" value=\"satisfac\u0103tor\" \/><span class=\"wpcf7-list-item-label\">well<\/span><\/span><span class=\"wpcf7-list-item\"><input type=\"checkbox\" name=\"checkbox-2329\" value=\"se putea \u0219i mai bine\" \/><span class=\"wpcf7-list-item-label\">it could be better<\/span><\/span><span class=\"wpcf7-list-item last\"><input type=\"checkbox\" name=\"checkbox-2329\" value=\"total nemul\u021bumit\" \/><span class=\"wpcf7-list-item-label\">totally unsatisfied<\/span><\/span><\/span><\/span>\n\t<\/p>\n\t<p>4. Were you satisfied with the service and the involvement of the waiters during the event?*\n\t<\/p>\n\t<p><span class=\"wpcf7-form-control-wrap\" data-name=\"checkbox-2339\"><span class=\"wpcf7-form-control wpcf7-checkbox wpcf7-validates-as-required wpcf7-exclusive-checkbox\"><span class=\"wpcf7-list-item first\"><input type=\"checkbox\" name=\"checkbox-2339\" value=\"foarte mul\u021bumit\" \/><span class=\"wpcf7-list-item-label\">very pleased<\/span><\/span><span class=\"wpcf7-list-item\"><input type=\"checkbox\" name=\"checkbox-2339\" value=\"mul\u021bumit\" \/><span class=\"wpcf7-list-item-label\">satisfied<\/span><\/span><span class=\"wpcf7-list-item\"><input type=\"checkbox\" name=\"checkbox-2339\" value=\"satisfac\u0103tor\" \/><span class=\"wpcf7-list-item-label\">well<\/span><\/span><span class=\"wpcf7-list-item\"><input type=\"checkbox\" name=\"checkbox-2339\" value=\"se putea \u0219i mai bine\" \/><span class=\"wpcf7-list-item-label\">it could be better<\/span><\/span><span class=\"wpcf7-list-item last\"><input type=\"checkbox\" name=\"checkbox-2339\" value=\"total nemul\u021bumit\" \/><span class=\"wpcf7-list-item-label\">totally unsatisfied<\/span><\/span><\/span><\/span>\n\t<\/p>\n\t<p>5. How did you rate the interaction with the venue manager?*\n\t<\/p>\n\t<p><span class=\"wpcf7-form-control-wrap\" data-name=\"checkbox-2349\"><span class=\"wpcf7-form-control wpcf7-checkbox wpcf7-validates-as-required wpcf7-exclusive-checkbox\"><span class=\"wpcf7-list-item first\"><input type=\"checkbox\" name=\"checkbox-2349\" value=\"foarte mul\u021bumit\" \/><span class=\"wpcf7-list-item-label\">very pleased<\/span><\/span><span class=\"wpcf7-list-item\"><input type=\"checkbox\" name=\"checkbox-2349\" value=\"mul\u021bumit\" \/><span class=\"wpcf7-list-item-label\">satisfied<\/span><\/span><span class=\"wpcf7-list-item\"><input type=\"checkbox\" name=\"checkbox-2349\" value=\"satisfac\u0103tor\" \/><span class=\"wpcf7-list-item-label\">well<\/span><\/span><span class=\"wpcf7-list-item\"><input type=\"checkbox\" name=\"checkbox-2349\" value=\"se putea \u0219i mai bine\" \/><span class=\"wpcf7-list-item-label\">it could be better<\/span><\/span><span class=\"wpcf7-list-item last\"><input type=\"checkbox\" name=\"checkbox-2349\" value=\"total nemul\u021bumit\" \/><span class=\"wpcf7-list-item-label\">totally unsatisfied<\/span><\/span><\/span><\/span>\n\t<\/p>\n<\/div>\n<div class=\"before_daca_ai\">\n\t<p><span class=\"wpcf7-form-control-wrap\" data-name=\"text-6739\"><input size=\"40\" maxlength=\"400\" class=\"wpcf7-form-control wpcf7-text\" aria-invalid=\"false\" placeholder=\"If you have any suggestions\/recommendations for us, please write them down here:\" value=\"\" type=\"text\" name=\"text-6739\" \/><\/span>\n\t<\/p>\n\t<p><span class=\"wpcf7-form-control-wrap\" data-name=\"text-13319\"><input size=\"40\" maxlength=\"400\" class=\"wpcf7-form-control wpcf7-text wpcf7-validates-as-required\" aria-required=\"true\" aria-invalid=\"false\" placeholder=\"First and Last Name\" value=\"\" type=\"text\" name=\"text-13319\" \/><\/span>\n\t<\/p>\n\t<p><span class=\"wpcf7-form-control-wrap\" data-name=\"email-967829\"><input size=\"40\" maxlength=\"400\" class=\"wpcf7-form-control wpcf7-email wpcf7-validates-as-required wpcf7-text wpcf7-validates-as-email\" aria-required=\"true\" aria-invalid=\"false\" placeholder=\"Email address*\" value=\"\" type=\"email\" name=\"email-967829\" \/><\/span>\n\t<\/p>\n\t<p><span class=\"wpcf7-form-control-wrap\" data-name=\"tel-6859\"><input size=\"40\" maxlength=\"400\" class=\"wpcf7-form-control wpcf7-tel wpcf7-text wpcf7-validates-as-tel\" aria-invalid=\"false\" placeholder=\"Telephone number\" value=\"\" type=\"tel\" name=\"tel-6859\" \/><\/span>\n\t<\/p>\n\t<p><span class=\"wpcf7-form-control-wrap\" data-name=\"Acord-GDPR-Comenzi\"><span class=\"wpcf7-form-control wpcf7-acceptance\"><span class=\"wpcf7-list-item\"><label><input type=\"checkbox\" name=\"Acord-GDPR-Comenzi\" value=\"1\" aria-invalid=\"false\" \/><span class=\"wpcf7-list-item-label\">I have read and understood the processing terms and conditions about <a href='https:\/\/trickshot.ro\/en\/politica-de-confidentialitate\/' target=\"blank\">personal data.<\/a><\/span><\/label><\/span><\/span><\/span>\n\t<\/p>\n<span class=\"wpcf7-form-control-wrap recaptcha\" data-name=\"recaptcha\"><span data-sitekey=\"6Lee-XYpAAAAAFMIeDQcC729j3cvXTxQy0IDokpK\" data-align=\"center\" class=\"wpcf7-form-control wpcf7-recaptcha g-recaptcha\"><\/span>\r\n<noscript>\r\n\t<div class=\"grecaptcha-noscript\">\r\n\t\t<iframe loading=\"lazy\" src=\"https:\/\/www.google.com\/recaptcha\/api\/fallback?k=6Lee-XYpAAAAAFMIeDQcC729j3cvXTxQy0IDokpK\" frameborder=\"0\" scrolling=\"no\" width=\"310\" height=\"430\">\r\n\t\t<\/iframe>\r\n\t\t<textarea name=\"g-recaptcha-response\" rows=\"3\" cols=\"40\" placeholder=\"reCaptcha Response Here\">\r\n\t\t<\/textarea>\r\n\t<\/div>\r\n<\/noscript>\r\n<\/span>\n\t<p><input class=\"wpcf7-form-control wpcf7-submit has-spinner\" type=\"submit\" value=\"Send\" \/>\n\t<\/p>\n<\/div><p style=\"display: none !important;\" class=\"akismet-fields-container\" data-prefix=\"_wpcf7_ak_\"><label>&#916;<textarea name=\"_wpcf7_ak_hp_textarea\" cols=\"45\" rows=\"8\" maxlength=\"100\"><\/textarea><\/label><input type=\"hidden\" id=\"ak_js_1\" name=\"_wpcf7_ak_js\" value=\"113\"\/><script>document.getElementById( \"ak_js_1\" ).setAttribute( \"value\", ( new Date() ).getTime() );<\/script><\/p><div class=\"wpcf7-response-output\" aria-hidden=\"true\"><\/div>\n<input type=\"hidden\" name=\"trp-form-language\" value=\"en\"\/><\/form>\n<\/div>\n<div class=\"vc_empty_space  mob-hidden\"   style=\"height: 53px\"><span class=\"vc_empty_space_inner\"><\/span><\/div><\/div><\/div><\/div><\/div>\n<\/div>","protected":false},"excerpt":{"rendered":"Chestionar de feedback eveniment Te rug\u0103m s\u0103 ne spui \u00een ce loca\u021bie a fost organizat evenimentul*: PromenadaMega MallAfi Bra\u0219ovAfi Cotroceni 1. C\u00e2t de mul\u021bumit ai fost de organizarea evenimentului t\u0103u overall?* foarte mul\u021bumitmul\u021bumitsatisfac\u0103torse putea \u0219i mai binetotal nemul\u021bumit 2. Ai fost mul\u021bumit de preparatele servite (m\u00e2ncare \u0219i b\u0103uturi)? * foarte [...]","protected":false},"author":2,"featured_media":0,"parent":0,"menu_order":0,"comment_status":"closed","ping_status":"closed","template":"page-templates\/template-fullwidth.php","meta":{"footnotes":""},"class_list":["post-3249","page","type-page","status-publish","hentry"],"_links":{"self":[{"href":"https:\/\/trickshot.ro\/en\/wp-json\/wp\/v2\/pages\/3249","targetHints":{"allow":["GET"]}}],"collection":[{"href":"https:\/\/trickshot.ro\/en\/wp-json\/wp\/v2\/pages"}],"about":[{"href":"https:\/\/trickshot.ro\/en\/wp-json\/wp\/v2\/types\/page"}],"author":[{"embeddable":true,"href":"https:\/\/trickshot.ro\/en\/wp-json\/wp\/v2\/users\/2"}],"replies":[{"embeddable":true,"href":"https:\/\/trickshot.ro\/en\/wp-json\/wp\/v2\/comments?post=3249"}],"version-history":[{"count":0,"href":"https:\/\/trickshot.ro\/en\/wp-json\/wp\/v2\/pages\/3249\/revisions"}],"wp:attachment":[{"href":"https:\/\/trickshot.ro\/en\/wp-json\/wp\/v2\/media?parent=3249"}],"curies":[{"name":"wp","href":"https:\/\/api.w.org\/{rel}","templated":true}]}}