{"id":1583,"date":"2022-09-21T07:15:57","date_gmt":"2022-09-21T07:15:57","guid":{"rendered":"https:\/\/newsite.trickshot.ro\/?page_id=1583"},"modified":"2025-09-12T14:29:15","modified_gmt":"2025-09-12T12:29:15","slug":"politica-cookies","status":"publish","type":"page","link":"https:\/\/trickshot.ro\/en\/politica-cookies\/","title":{"rendered":"Cookie Policy"},"content":{"rendered":"<div class=\"wpb-content-wrapper\"><div class=\"vc_row wpb_row vc_row-fluid\"><div class=\"wpb_column vc_column_container vc_col-sm-12\"><div class=\"vc_column-inner\"><div class=\"wpb_wrapper\"><div class=\"vc_empty_space\"   style=\"height: 32px\"><span class=\"vc_empty_space_inner\"><\/span><\/div><\/div><\/div><\/div><\/div><div class=\"vc_row wpb_row vc_row-fluid\"><div class=\"wpb_column vc_column_container vc_col-sm-12\"><div class=\"vc_column-inner\"><div class=\"wpb_wrapper\"><div class=\"vc_empty_space\"   style=\"height: 43px\"><span class=\"vc_empty_space_inner\"><\/span><\/div>\n\t<div class=\"wpb_text_column wpb_content_element\" >\n\t\t<div class=\"wpb_wrapper\">\n\t\t\t<h1 style=\"text-align: center;\" class=\"titlu_bold\"><strong>Cookie Policy<\/strong><\/h1>\n\n\t\t<\/div>\n\t<\/div>\n<div class=\"vc_separator wpb_content_element vc_separator_align_center vc_sep_width_20 vc_sep_border_width_3 vc_sep_pos_align_center vc_separator_no_text vc_sep_color_black vc_custom_1665229324848 wpb_content_element  vc_custom_1665229324848 wpb_content_element\" ><span class=\"vc_sep_holder vc_sep_holder_l\"><span class=\"vc_sep_line\"><\/span><\/span><span class=\"vc_sep_holder vc_sep_holder_r\"><span class=\"vc_sep_line\"><\/span><\/span>\n<\/div><\/div><\/div><\/div><\/div><div data-vc-full-width=\"true\" data-vc-full-width-init=\"false\" class=\"vc_row wpb_row vc_row-fluid\"><div class=\"wpb_column vc_column_container vc_col-sm-12\"><div class=\"vc_column-inner\"><div class=\"wpb_wrapper\">\n\t<div class=\"wpb_text_column wpb_content_element\" >\n\t\t<div class=\"wpb_wrapper\">\n\t\t\t<p class=\"translation-block\">This policy refers to the cookies used on the website www.trickshot.ro by the site owner, Entertainment Business Development (EBD) SRL - TRICKSHOT.<\/p>\n<p>Please check this section regularly, as the policy may undergo changes or updates. Any significant modifications to this policy will be notified.<\/p>\n<p class=\"translation-block\">In addition to this notice, please also read our <a href=\"https:\/\/trickshot.ro\/en\/politica-de-confidentialitate\/\" target=\"_self\"><strong>Privacy Policy<\/strong><\/a>.<\/p>\n\n\t\t<\/div>\n\t<\/div>\n<\/div><\/div><\/div><\/div><div class=\"vc_row-full-width vc_clearfix\"><\/div><div data-vc-full-width=\"true\" data-vc-full-width-init=\"false\" class=\"vc_row wpb_row vc_row-fluid\"><div class=\"wpb_column vc_column_container vc_col-sm-12\"><div class=\"vc_column-inner\"><div class=\"wpb_wrapper\">\n\t<div class=\"wpb_text_column wpb_content_element\" >\n\t\t<div class=\"wpb_wrapper\">\n\t\t\t<h2><strong>Who are we<\/strong><\/h2>\n<p class=\"translation-block\"><strong>Entertainment Business Development (EBD) SRL \u2013 TRICKSHOT<\/strong> is headquartered at Calea Floreasca no. 246B, sector 1, Bucharest, and is registered with the Trade Register under no. J40\/12268\/2013, having tax code no. 32317652.<\/p>\n<p class=\"translation-block\"><strong>TRICKSHOT #FunDining<\/strong> \u2013 is a concept that takes place on large and very large surfaces, compared to classic restaurants, born from the need of consumers who want more and more like the experience they have at a restaurant in a casual moment to be a dynamic and entertaining one, that of being engaged in a variety of activities or experiences that complement the moment of serving a breakfast, lunch or dinner.<\/p>\n<p>Our mission is to transform every visit to TRICKSHOT restaurants in Promenada, Mega Mall, AFI Bra\u0219ov, and AFI Cotroceni into a destination, aiming to offer complete experiences by combining quality food and drinks with entertainment and social interactions in a modern, minimalist design<\/p>\n<p>Both the terraces and the interior spaces are full of vegetation, decorated with natural green plants, offering guests a perfect environment to spend any moment of the day, thus satisfying the consumption need of proximity traffic by transforming the locations themselves into a destination.<\/p>\n<p>Here you will experience an international culinary journey, where delicious dishes are prepared with passion and attention, from the freshest and carefully chosen ingredients.<\/p>\n<p>From delicious pizza with the taste and aroma of Italy, to homemade burgers based on original recipes, beef dry-aged in our own production unit (14\u201328 days), or vegetarian dishes, to house-made drinks (elderflower cordial, homemade cola), the Vitamin Bar, or infused cocktails prepared by our talented bartenders.<\/p>\n<p>But TRICKSHOT is not only about food and drinks, it is about people, their energy, atmosphere, fun, music, lifestyle and entertainment.<\/p>\n<p>You can always enjoy bowling alleys, billiard areas, and Arcade games at Mega Mall, AFI Bra\u0219ov, and AFI Cotroceni with friends, colleagues, or family, or spend late summer evenings on our vibrant terraces with live DJ music in Bucharest (Promenada Mall &amp; Mega Mall) and Bra\u0219ov (AFI), as well as in our Garden under the Atrium, on the 1st floor of AFI Cotroceni.<\/p>\n<p><strong>Contact details<\/strong><\/p>\n<p><strong>Email DPO: <\/strong><span><a href=\"mailto:marketing@trickshot.ro\">marketing@trickshot.ro<\/a><\/span><\/p>\n<p><strong>Phone:<\/strong> <a href=\"tel: 031 005 2750\">031 005 2750<\/a><\/p>\n<p>Website: <a href=\"http:\/\/trickshot.ro\/en\/\">www.trickshot.ro<\/a><\/p>\n\n\t\t<\/div>\n\t<\/div>\n\n\t<div class=\"wpb_text_column wpb_content_element\" >\n\t\t<div class=\"wpb_wrapper\">\n\t\t\t<h2><strong>Why do we use cookies?<\/strong><\/h2>\n<p>Cookies are very useful and serve different functions that make your browsing experience easier and more enjoyable. You could say they are like \u201cmemories\u201d that the site keeps about you, helping it remember how you navigated its pages and the choices you made along the way.<\/p>\n<p>You can navigate more easily and quickly on a site that remembers you than on one that does not. That is why most websites you know and like use cookies.<\/p>\n\n\t\t<\/div>\n\t<\/div>\n\n\t<div class=\"wpb_text_column wpb_content_element\" >\n\t\t<div class=\"wpb_wrapper\">\n\t\t\t<h2><strong>What is in a cookie?<\/strong><\/h2>\n<p>A cookie is a simple piece of information in the form of a very small text file. Each cookie is unique, consisting of the name of the site that created it and a unique string of numbers and letters.<\/p>\n<p>Most sites place cookies on your device (computer, mobile phone, or tablet) when you browse a webpage. This is possible through your browser\u2014for example, Google Chrome, Internet Explorer, Safari, or Firefox. A cookie can be read and retrieved only by the site that created it. Websites cannot exchange information between themselves via cookies.<\/p>\n<p>Some cookies are valid only for the duration of your visit (\u201csession cookies\u201d) and disappear after you close your browser. Others remain stored on your device for a certain period of time even after you close your browser (\u201cpersistent cookies\u201d).<\/p>\n\n\t\t<\/div>\n\t<\/div>\n\n\t<div class=\"wpb_text_column wpb_content_element\" >\n\t\t<div class=\"wpb_wrapper\">\n\t\t\t<h2><strong>What is not a cookie?<\/strong><\/h2>\n<p>Cookies (as standalone elements) do NOT contain:<\/p>\n<ul>\n<li>Personal information \u2013 you cannot be personally identified solely based on a cookie.<\/li>\n<li>Program code \u2013 unlike a computer virus, a cookie is not made up of code, meaning it cannot damage your device.<\/li>\n<\/ul>\n\n\t\t<\/div>\n\t<\/div>\n\n\t<div class=\"wpb_text_column wpb_content_element\" >\n\t\t<div class=\"wpb_wrapper\">\n\t\t\t<h2><strong>What purposes do we use cookies for?<\/strong><\/h2>\n<p>A visit to this site may place the following types of cookies:<\/p>\n<ul>\n<li>Strictly necessary cookies for the operation of the site<\/li>\n<li>Analytics cookies for visitor behavior analysis<\/li>\n<li>Cookies for personalized advertising<\/li>\n<\/ul>\n\n\t\t<\/div>\n\t<\/div>\n\n\t<div class=\"wpb_text_column wpb_content_element\" >\n\t\t<div class=\"wpb_wrapper\">\n\t\t\t<h3>Necessary cookies<\/h3>\n<p>These may be required to ensure the proper functioning of the website. For example, cookies can be used to guarantee site and visitor security by preventing cross-site forgery. This category of cookies is active automatically and does not require visitor consent.<\/p>\n<p>We also include here cookies placed to display non-personalized ads (which only remember that an ad was shown), as well as those used to measure site traffic (without demographic or segmentation components).<\/p>\n\n\t\t<\/div>\n\t<\/div>\n\n\t<div class=\"wpb_text_column wpb_content_element\" >\n\t\t<div class=\"wpb_wrapper\">\n\t\t\t<h2><strong>Analytics cookies<\/strong><\/h2>\n<p>Analytics cookies collect information about how visitors use a website, such as the most popular pages, the most effective linking methods, and whether users receive error messages. These cookies allow us to provide a high-quality user experience and contribute to improving the way our website works, as well as segmenting our audience for advertising personalization (if allowed).<\/p>\n<p>When integrating social media plugins into the site, they place social media cookies to enable content playback (e.g., YouTube), third-party login (e.g., Facebook, Google, Instagram, TikTok), or liking\/sharing pages or products.<\/p>\n\n\t\t<\/div>\n\t<\/div>\n\n\t<div class=\"wpb_text_column wpb_content_element\" >\n\t\t<div class=\"wpb_wrapper\">\n\t\t\t<h3>Personalized advertising cookies<\/h3>\n<p>We also use cookies to enable online advertising personalization. Using advertising personalization cookies is a current standard for most major sites.\nSuch advertising helps us reach categories of customers interested in a certain type of product. Usually, information defining these categories is not personal data, but the profiles created are based on data collected through advertising profiling cookies, which can be personal data.\nBecause these cookies are placed by third parties with our consent, profiling (as personal data processing) is carried out by us as a data controller.\nYou may opt out of Google advertising profiling here: https:\/\/www.google.com\/settings\/ads<\/p>\n<p class=\"translation-block\"><strong>By default, <a href=\"https:\/\/trickshot.ro\/en\/\" target=\"_self\"><strong>www.trickshot.ro<\/strong><\/a> will use only strictly necessary cookies for site operation; the other categories may be used only with your consent.<\/strong><\/p>\n\n\t\t<\/div>\n\t<\/div>\n\n\t<div class=\"wpb_text_column wpb_content_element\" >\n\t\t<div class=\"wpb_wrapper\">\n\t\t\t<h2><strong>Cookies that can be blocked from your browser<\/strong><\/h2>\n<p>Most browsers are set to accept cookies. If you prefer, you can set your browser either to notify you whenever you receive a cookie or to refuse cookies altogether.<\/p>\n<p>However, some parts of our site will not display correctly if you set your browser to reject all cookies, because certain functions cannot work properly without them.<\/p>\n<p>Instructions for editing these settings depend on your browser provider:<\/p>\n<p><span><a href=\"https:\/\/www.mozilla.org\/ro\/firefox\/dnt\/\"><strong>Mozilla Firefox<\/strong><\/a><\/span> \u0406<span> <a href=\"https:\/\/support.microsoft.com\/ro-ro\/help\/17288\/windows-internet-explorer-11-use-do-not-track\"><strong>Internet Explorer<\/strong><\/a><\/span> \u0406<span> <a href=\"https:\/\/support.google.com\/chrome\/answer\/2790761?co=GENIE.Platform=Desktop&amp;hl=ro\"><strong>Google Chrome<\/strong><\/a><\/span> \u0406 \u00a0<strong><u>\u00a0<\/u><\/strong><span><a href=\"https:\/\/help.opera.com\/en\/latest\/web-preferences\/#cookies\"><strong>Opera<\/strong><\/a><\/span> \u0406<span> <a href=\"https:\/\/support.apple.com\/guide\/safari\/manage-cookies-sfri11471\/mac\"><strong>Safari<\/strong><\/a><\/span><\/p>\n\n\t\t<\/div>\n\t<\/div>\n\n\t<div class=\"wpb_text_column wpb_content_element\" >\n\t\t<div class=\"wpb_wrapper\">\n\t\t\t<h2><strong>Third Party Cookies<\/strong><\/h2>\n<p>Third-party cookies (also known as tracking cookies) are created by \u201cthird parties,\u201d not by the website you are visiting, for purposes such as advertising, retargeting, analytics, and tracking.<\/p>\n<p>Examples include pixel cookies placed by Facebook, LinkedIn, and Google.<\/p>\n<h2><strong>YouTube<\/strong><\/h2>\n<p>We have embedded videos from YouTube on our website using YouTube\u2019s Privacy-Enhanced Mode. This mode may set cookies on your computer when the video content is played; however, YouTube will not store cookie information that can be personally identified when playing embedded videos using the Privacy-Enhanced Mode. These cookies are set by YouTube to track the use of its services.<\/p>\n<p class=\"translation-block\">To learn more, please visit the information page regarding  <span><a href=\"https:\/\/support.google.com\/youtube\/answer\/171780?hl=en-GB\" target=\"_self\">embedding YouTube videos.<\/a><\/span><\/p>\n<h2><strong>Double Click<\/strong><\/h2>\n<p>Google Ads is a provider of promotion and marketing services. DoubleClick is a service of Google LLC. DoubleClick uses cookies to present you with relevant advertising. A pseudonymous identification number (ID) is assigned to your browser to check which ads have been displayed in your browser and which ads have been downloaded. The use of DoubleClick cookies allows only Google and its partner sites to place ads based on previous visits to our other websites. The information generated by the cookie will be transmitted to and stored on servers in the United States by Google for analysis.<\/p>\n<p class=\"translation-block\">The placement of these types of cookies is only possible with your consent. However, you may object to or prevent the collection of data generated by cookies and related to your use of websites, as well as the processing of this data by Google, by downloading and installing a <span><a href=\"https:\/\/support.google.com\/ads\/answer\/7395996?hl=en\" target=\"_self\">browser plugin<\/a><\/span> to retain your preference regarding opting out of personalized ads.<\/p>\n<h2><strong>Facebook pixel <\/strong><\/h2>\n<p>It is an analytics tool that allows you to measure the effectiveness of your advertising by understanding the actions people take on your website. The Facebook Pixel is used to ensure that our advertising is shown to the right people, to increase the number of sales, and to measure the results of our ads.<\/p>\n\n\t\t<\/div>\n\t<\/div>\n\n\t<div class=\"wpb_text_column wpb_content_element\" >\n\t\t<div class=\"wpb_wrapper\">\n\t\t\t<h2><strong>Social plugins<\/strong><\/h2>\n<p>We have integrated the following social media plugins on our website, which may independently set cookies on your computer:<\/p>\n<ul>\n<li>Facebook<\/li>\n<li>Instagram<\/li>\n<li>Twitter<\/li>\n<li>LinkedIn<\/li>\n<li>Youtube<\/li>\n<li>Tik Tok<\/li>\n<\/ul>\n<p>Please note that we have no control over how the information collected through these cookies is used, nor do we have access to it. However, we are jointly responsible with the social networks for these processing activities, in accordance with European policies.<\/p>\n<p>The plugin provider stores the data it collects as user profiles and uses them for advertising, market research, and\/or need-based design of its own website. Such analysis occurs in particular (even for users who are not logged in) to display need-based advertising and to inform other social network users about your opinion of our store\u2019s products. Through these plugins, we provide you with the opportunity to interact with social networks and other users, allowing us to improve our offering and make our website more interesting for you.<\/p>\n<p>If you access a page on our website that contains such a plugin, your browser establishes a direct connection with the provider\u2019s servers. The content of the plugin is transmitted directly from the provider to your browser and integrated into the page. Through this integration, the provider receives information that you have accessed our website page, even if you do not have a user account with the provider in question or are not logged into their service. This information (including your IP address) is transmitted directly from your browser to the provider\u2019s server (likely located in the USA), stored there as a user profile, and used, among other purposes, for advertising, market research, and the provider\u2019s website design.<\/p>\n<p>If, during your visit to our website, you are logged into your Facebook, Instagram, YouTube, Twitter, LinkedIn, or Pinterest account, the provider may also associate your visit to our site with your user account.<\/p>\n<p>If you do not want the plugin provider to associate your user profile with your visit, you can select the \u201cDisable third-party cookies\u201d function in your browser settings. This way, your browser will no longer send cookies to the social network\u2019s dedicated server.<\/p>\n<p>For more information about how social networks use your data collected through plugins, you can find details here:<\/p>\n<table width=\"331\">\n<tbody>\n<tr>\n<td width=\"82\">Facebook<\/td>\n<td width=\"249\"><span><a href=\"https:\/\/www.facebook.com\/about\/privacy\/\">Data Use Policy<\/a><\/span><\/td>\n<\/tr>\n<tr>\n<td width=\"82\">Instagram<\/td>\n<td width=\"249\"><span><a href=\"https:\/\/help.instagram.com\/519522125107875\">Data Policy<\/a><\/span><\/td>\n<\/tr>\n<tr>\n<td width=\"82\">Twitter<\/td>\n<td width=\"249\"><span><a href=\"https:\/\/help.twitter.com\/en\/rules-and-policies\/twitter-cookies\">Use of Cookies and Similar Technologies<\/a><\/span><\/td>\n<\/tr>\n<tr>\n<td width=\"82\">LinkedIn<\/td>\n<td width=\"249\"><span><a href=\"https:\/\/legal.linkedin.com\/plugin-terms-of-use\">Plugin Terms of Use<\/a><\/span><\/td>\n<\/tr>\n<\/tbody>\n<\/table>\n<p><strong>\u00a0<\/strong><\/p>\n<p><strong>By using this site, you agree to the processing of your data in the manner and for the purposes mentioned above.<\/strong><\/p>\n<p>This version was last updated on 08.09.2025.<\/p>\n<p><strong>Prepared by: Decalex Digital SRL<\/strong><\/p>\n\n\t\t<\/div>\n\t<\/div>\n<\/div><\/div><\/div><\/div><div class=\"vc_row-full-width vc_clearfix\"><\/div>\n<\/div>","protected":false},"excerpt":{"rendered":"Politica de utilizare a cookie-urilor Aceast\u0103 politic\u0103 se refer\u0103 la cookie-urile utilizate pe website-ul www.trickshot.ro de c\u0103tre de\u021bin\u0103torul site-ului, Entertainment Business Development (EBD) SRL - TRICKSHOT V\u0103 rug\u0103m s\u0103 consulta\u021bi aceast\u0103 sec\u021biune \u00een mod regulat, deoarece politica poate suporta modific\u0103ri sau actualiz\u0103ri. Orice modific\u0103ri semnificative ale acestei politici vor fi [...]","protected":false},"author":2,"featured_media":0,"parent":0,"menu_order":0,"comment_status":"closed","ping_status":"closed","template":"page-templates\/template-fullwidth.php","meta":{"footnotes":""},"class_list":["post-1583","page","type-page","status-publish","hentry"],"_links":{"self":[{"href":"https:\/\/trickshot.ro\/en\/wp-json\/wp\/v2\/pages\/1583","targetHints":{"allow":["GET"]}}],"collection":[{"href":"https:\/\/trickshot.ro\/en\/wp-json\/wp\/v2\/pages"}],"about":[{"href":"https:\/\/trickshot.ro\/en\/wp-json\/wp\/v2\/types\/page"}],"author":[{"embeddable":true,"href":"https:\/\/trickshot.ro\/en\/wp-json\/wp\/v2\/users\/2"}],"replies":[{"embeddable":true,"href":"https:\/\/trickshot.ro\/en\/wp-json\/wp\/v2\/comments?post=1583"}],"version-history":[{"count":0,"href":"https:\/\/trickshot.ro\/en\/wp-json\/wp\/v2\/pages\/1583\/revisions"}],"wp:attachment":[{"href":"https:\/\/trickshot.ro\/en\/wp-json\/wp\/v2\/media?parent=1583"}],"curies":[{"name":"wp","href":"https:\/\/api.w.org\/{rel}","templated":true}]}}